{"id":57,"date":"2016-02-03T17:29:49","date_gmt":"2016-02-03T16:29:49","guid":{"rendered":"http:\/\/www.trommel-workshops.de\/teamevents\/?page_id=57"},"modified":"2017-02-10T11:39:37","modified_gmt":"2017-02-10T10:39:37","slug":"afrikanisch-tanzen-von-trommel-workshops","status":"publish","type":"page","link":"https:\/\/www.trommel-workshops.de\/teamevents\/afrikanisch-tanzen-von-trommel-workshops\/","title":{"rendered":"afrikanisch-tanzen von Trommel-Workshops.de"},"content":{"rendered":"<h1>Teambuilding durch afrikanisch\u00a0tanzen\u00a0und djembe<\/h1>\n<div id=\"metaslider-id-226\" style=\"max-width: 700px;\" class=\"ml-slider-3-106-0 metaslider metaslider-flex metaslider-226 ml-slider ms-theme-default nav-hidden\" role=\"region\" aria-label=\"afrikanisch tanzen\" data-height=\"300\" data-width=\"700\">\n    <div id=\"metaslider_container_226\">\n        <div id=\"metaslider_226\">\n            <ul class='slides'>\n                <li style=\"display: block; width: 100%;\" class=\"slide-146 ms-image \" aria-roledescription=\"slide\" data-date=\"2016-11-04 17:06:21\" data-filename=\"slidersmall17-641x275.jpg\" data-slide-type=\"image\"><img loading=\"lazy\" decoding=\"async\" src=\"https:\/\/www.trommel-workshops.de\/teamevents\/wp-content\/uploads\/2016\/02\/slidersmall17-641x275.jpg\" height=\"300\" width=\"700\" alt=\"\" class=\"slider-226 slide-146 msDefaultImage\" \/><\/li>\n                <li style=\"display: none; width: 100%;\" class=\"slide-149 ms-image \" aria-roledescription=\"slide\" data-date=\"2016-11-04 17:06:28\" data-filename=\"slidersmall21-1-641x275.jpg\" data-slide-type=\"image\"><img loading=\"lazy\" decoding=\"async\" src=\"https:\/\/www.trommel-workshops.de\/teamevents\/wp-content\/uploads\/2016\/02\/slidersmall21-1-641x275.jpg\" height=\"300\" width=\"700\" alt=\"\" class=\"slider-226 slide-149 msDefaultImage\" \/><\/li>\n                <li style=\"display: none; width: 100%;\" class=\"slide-142 ms-image \" aria-roledescription=\"slide\" data-date=\"2016-11-04 17:06:11\" data-filename=\"slidersmall14-641x275.jpg\" data-slide-type=\"image\"><img loading=\"lazy\" decoding=\"async\" src=\"https:\/\/www.trommel-workshops.de\/teamevents\/wp-content\/uploads\/2016\/02\/slidersmall14-641x275.jpg\" height=\"300\" width=\"700\" alt=\"\" class=\"slider-226 slide-142 msDefaultImage\" \/><\/li>\n                <li style=\"display: none; width: 100%;\" class=\"slide-141 ms-image \" aria-roledescription=\"slide\" data-date=\"2016-11-04 17:06:07\" data-filename=\"slidersmall13-641x275.jpg\" data-slide-type=\"image\"><img loading=\"lazy\" decoding=\"async\" src=\"https:\/\/www.trommel-workshops.de\/teamevents\/wp-content\/uploads\/2016\/02\/slidersmall13-641x275.jpg\" height=\"300\" width=\"700\" alt=\"\" class=\"slider-226 slide-141 msDefaultImage\" \/><\/li>\n                <li style=\"display: none; width: 100%;\" class=\"slide-144 ms-image \" aria-roledescription=\"slide\" data-date=\"2016-11-04 17:06:16\" data-filename=\"slidersmall16-kopie-641x275.jpg\" data-slide-type=\"image\"><img loading=\"lazy\" decoding=\"async\" src=\"https:\/\/www.trommel-workshops.de\/teamevents\/wp-content\/uploads\/2016\/02\/slidersmall16-kopie-641x275.jpg\" height=\"300\" width=\"700\" alt=\"\" class=\"slider-226 slide-144 msDefaultImage\" \/><\/li>\n            <\/ul>\n        <\/div>\n        \n    <\/div>\n<\/div>\n<p>&nbsp;<\/p>\n<p><a href=\"http:\/\/www.trommel-workshops.de\/teamevents\/anfrage-workshops-trommeln-dinnerworkshops-bypercussion-afrikanisch-tanzen\/\" rel=\"attachment wp-att-66\"><img loading=\"lazy\" decoding=\"async\" class=\"alignnone wp-image-66 size-full\" src=\"http:\/\/www.trommel-workshops.de\/teamevents\/wp-content\/uploads\/2016\/02\/button.png\" alt=\"Angebot f\u00fcr Trommelworkshop anfragen\" width=\"506\" height=\"46\" srcset=\"https:\/\/www.trommel-workshops.de\/teamevents\/wp-content\/uploads\/2016\/02\/button.png 506w, https:\/\/www.trommel-workshops.de\/teamevents\/wp-content\/uploads\/2016\/02\/button-300x27.png 300w\" sizes=\"auto, (max-width: 506px) 100vw, 506px\" \/><\/a><\/p>\n<p>&nbsp;<\/p>\n<blockquote><p>Unsere Tanz, Trommel- und Djembe-Percussion Workshops bieten wir vor Ort in ganz Deutschland an.<\/p>\n<p>&nbsp;<\/p><\/blockquote>\n<h2>Energiegeladener und erlebnisreicher Workshop<\/h2>\n<p>Afrikanischer Tanz ist aktivierend, herausfordernd und gibt den n\u00f6tigen Kick. Geeignet ist er f\u00fcr alle &#8211; ob jung oder alt, Bewegungsfreudige wie Bewegungsmuffel \u2013 jeder kann auf seine Art dabei sein. Unsere Workshop-Leiter sind qualifiziert und langj\u00e4hrig erfahren, die Ihrer Gruppe ein energiegeladenes Erlebnis garantieren, bei dem der Funke einfach \u00fcberspringt.<\/p>\n<p>&nbsp;<\/p>\n<h2>Auch f\u00fcr Ihren Betriebsausflug geeignet<\/h2>\n<p>Ein afrikanischer Tanz-Workshop bringt Ihrem Team eine Menge Spa\u00df und l\u00e4sst Ihren Betriebsausflug zu einem unvergesslichen Erlebnis werden. Gemeinsam zu tanzen schafft eine lockere Atmosph\u00e4re und f\u00f6rdert sehr effektiv den Teamgeist. Jedes Teammitglied wird ein Teil der Gruppe sein!<\/p>\n<p>&nbsp;<\/p>\n<h2>Aktiver Tanz- und Djembe-Workshop<\/h2>\n<p>Afrikanischer Tanz und Percussion \u2013 beides zusammen in einem Workshop: das bietet ein energiegeladenes Erlebnis, das den ganzen Mensch erfasst und den Teamgeist starkt. Das gemeinsame Musizieren und die schwei\u00dftreibende Bewegung zu energetischen Rhythmen sind eine effektive M\u00f6glichkeit der Teamentwicklung, die zudem viel Spa\u00df macht.<\/p>\n<p>&nbsp;<\/p>\n<h2>Teambuilding, Event oder ein Ausflug mit der Djembe<\/h2>\n<p>Afrikanischer Tanz, angeleitet von einem erfahrenen T\u00e4nzer und begleitet von Live-Percussion ist \u00e4u\u00dferst anregend und erm\u00f6glicht, die befreiende Wirkung des Tanzens zu erfahren. Nach dem Tanzen gibt es eine Einf\u00fchrung zum Spiel mit original afrikanischen Percussionsinstrumenten.<\/p>\n<p>&nbsp;<\/p>\n<h2>Geeignet f\u00fcr Gruppen bis zu 60 Personen<\/h2>\n<p>Wir bieten die Tanz- und Percussionworkshops\u00a0 vor Ort in ganz Deutschland an, mit Gruppen\u00a0 von 10 bis zu 60 Personen. Angebote f\u00fcr gr\u00f6\u00dfere Gruppen auf Anfrage.<\/p>\n<p>&nbsp;<\/p>\n<p>&nbsp;<\/p>\n","protected":false},"excerpt":{"rendered":"<p>Teambuilding durch afrikanisch\u00a0tanzen\u00a0und djembe &nbsp; &nbsp; Unsere Tanz, Trommel- und Djembe-Percussion Workshops bieten wir vor Ort in ganz Deutschland an. &nbsp; Energiegeladener und erlebnisreicher Workshop Afrikanischer Tanz ist aktivierend, herausfordernd&#8230; <\/p>\n","protected":false},"author":1,"featured_media":0,"parent":0,"menu_order":0,"comment_status":"closed","ping_status":"closed","template":"page-left.php","meta":{"footnotes":""},"class_list":["post-57","page","type-page","status-publish","hentry"],"yoast_head":"<!-- This site is optimized with the Yoast SEO plugin v27.1.1 - https:\/\/yoast.com\/product\/yoast-seo-wordpress\/ -->\n<title>afrikanisch-tanzen von Trommel-Workshops.de<\/title>\n<meta name=\"description\" content=\"Afrikanischer tanzen ist aktivierend und gibt den n\u00f6tigen Kick. Geeignet f\u00fcr alle - ob jung oder alt, jeder kann auf seine Art dabei sein\" \/>\n<meta name=\"robots\" content=\"index, follow, max-snippet:-1, max-image-preview:large, max-video-preview:-1\" \/>\n<link rel=\"canonical\" href=\"https:\/\/www.trommel-workshops.de\/teamevents\/afrikanisch-tanzen-von-trommel-workshops\/\" \/>\n<meta property=\"og:locale\" content=\"nl_NL\" \/>\n<meta property=\"og:type\" content=\"article\" \/>\n<meta property=\"og:title\" content=\"afrikanisch-tanzen von Trommel-Workshops.de\" \/>\n<meta property=\"og:description\" content=\"Afrikanischer tanzen ist aktivierend und gibt den n\u00f6tigen Kick. Geeignet f\u00fcr alle - ob jung oder alt, jeder kann auf seine Art dabei sein\" \/>\n<meta property=\"og:url\" content=\"https:\/\/www.trommel-workshops.de\/teamevents\/afrikanisch-tanzen-von-trommel-workshops\/\" \/>\n<meta property=\"og:site_name\" content=\"Trommel Workshops\" \/>\n<meta property=\"article:modified_time\" content=\"2017-02-10T10:39:37+00:00\" \/>\n<meta property=\"og:image\" content=\"http:\/\/www.trommel-workshops.de\/teamevents\/wp-content\/uploads\/2016\/02\/button.png\" \/>\n<meta name=\"twitter:card\" content=\"summary_large_image\" \/>\n<meta name=\"twitter:label1\" content=\"Geschatte leestijd\" \/>\n\t<meta name=\"twitter:data1\" content=\"1 minuut\" \/>\n<script type=\"application\/ld+json\" class=\"yoast-schema-graph\">{\"@context\":\"https:\/\/schema.org\",\"@graph\":[{\"@type\":\"WebPage\",\"@id\":\"https:\/\/www.trommel-workshops.de\/teamevents\/afrikanisch-tanzen-von-trommel-workshops\/\",\"url\":\"https:\/\/www.trommel-workshops.de\/teamevents\/afrikanisch-tanzen-von-trommel-workshops\/\",\"name\":\"afrikanisch-tanzen von Trommel-Workshops.de\",\"isPartOf\":{\"@id\":\"https:\/\/www.trommel-workshops.de\/teamevents\/#website\"},\"primaryImageOfPage\":{\"@id\":\"https:\/\/www.trommel-workshops.de\/teamevents\/afrikanisch-tanzen-von-trommel-workshops\/#primaryimage\"},\"image\":{\"@id\":\"https:\/\/www.trommel-workshops.de\/teamevents\/afrikanisch-tanzen-von-trommel-workshops\/#primaryimage\"},\"thumbnailUrl\":\"http:\/\/www.trommel-workshops.de\/teamevents\/wp-content\/uploads\/2016\/02\/button.png\",\"datePublished\":\"2016-02-03T16:29:49+00:00\",\"dateModified\":\"2017-02-10T10:39:37+00:00\",\"description\":\"Afrikanischer tanzen ist aktivierend und gibt den n\u00f6tigen Kick. Geeignet f\u00fcr alle - ob jung oder alt, jeder kann auf seine Art dabei sein\",\"breadcrumb\":{\"@id\":\"https:\/\/www.trommel-workshops.de\/teamevents\/afrikanisch-tanzen-von-trommel-workshops\/#breadcrumb\"},\"inLanguage\":\"nl-NL\",\"potentialAction\":[{\"@type\":\"ReadAction\",\"target\":[\"https:\/\/www.trommel-workshops.de\/teamevents\/afrikanisch-tanzen-von-trommel-workshops\/\"]}]},{\"@type\":\"ImageObject\",\"inLanguage\":\"nl-NL\",\"@id\":\"https:\/\/www.trommel-workshops.de\/teamevents\/afrikanisch-tanzen-von-trommel-workshops\/#primaryimage\",\"url\":\"https:\/\/www.trommel-workshops.de\/teamevents\/wp-content\/uploads\/2016\/02\/button.png\",\"contentUrl\":\"https:\/\/www.trommel-workshops.de\/teamevents\/wp-content\/uploads\/2016\/02\/button.png\",\"width\":506,\"height\":46},{\"@type\":\"BreadcrumbList\",\"@id\":\"https:\/\/www.trommel-workshops.de\/teamevents\/afrikanisch-tanzen-von-trommel-workshops\/#breadcrumb\",\"itemListElement\":[{\"@type\":\"ListItem\",\"position\":1,\"name\":\"Home\",\"item\":\"https:\/\/www.trommel-workshops.de\/teamevents\/\"},{\"@type\":\"ListItem\",\"position\":2,\"name\":\"afrikanisch-tanzen von Trommel-Workshops.de\"}]},{\"@type\":\"WebSite\",\"@id\":\"https:\/\/www.trommel-workshops.de\/teamevents\/#website\",\"url\":\"https:\/\/www.trommel-workshops.de\/teamevents\/\",\"name\":\"Trommel Workshops\",\"description\":\"Djembe-Trommeln, Bodypercussion, Dinnerworkshops und Teamtrommeln\",\"publisher\":{\"@id\":\"https:\/\/www.trommel-workshops.de\/teamevents\/#organization\"},\"potentialAction\":[{\"@type\":\"SearchAction\",\"target\":{\"@type\":\"EntryPoint\",\"urlTemplate\":\"https:\/\/www.trommel-workshops.de\/teamevents\/?s={search_term_string}\"},\"query-input\":{\"@type\":\"PropertyValueSpecification\",\"valueRequired\":true,\"valueName\":\"search_term_string\"}}],\"inLanguage\":\"nl-NL\"},{\"@type\":\"Organization\",\"@id\":\"https:\/\/www.trommel-workshops.de\/teamevents\/#organization\",\"name\":\"Anitya, training en advies VOF\",\"url\":\"https:\/\/www.trommel-workshops.de\/teamevents\/\",\"logo\":{\"@type\":\"ImageObject\",\"inLanguage\":\"nl-NL\",\"@id\":\"https:\/\/www.trommel-workshops.de\/teamevents\/#\/schema\/logo\/image\/\",\"url\":\"https:\/\/www.trommel-workshops.de\/teamevents\/wp-content\/uploads\/2016\/02\/Die-Trommelenden-Hollander_Tag_Logo.png\",\"contentUrl\":\"https:\/\/www.trommel-workshops.de\/teamevents\/wp-content\/uploads\/2016\/02\/Die-Trommelenden-Hollander_Tag_Logo.png\",\"width\":1512,\"height\":459,\"caption\":\"Anitya, training en advies VOF\"},\"image\":{\"@id\":\"https:\/\/www.trommel-workshops.de\/teamevents\/#\/schema\/logo\/image\/\"}}]}<\/script>\n<!-- \/ Yoast SEO plugin. -->","yoast_head_json":{"title":"afrikanisch-tanzen von Trommel-Workshops.de","description":"Afrikanischer tanzen ist aktivierend und gibt den n\u00f6tigen Kick. Geeignet f\u00fcr alle - ob jung oder alt, jeder kann auf seine Art dabei sein","robots":{"index":"index","follow":"follow","max-snippet":"max-snippet:-1","max-image-preview":"max-image-preview:large","max-video-preview":"max-video-preview:-1"},"canonical":"https:\/\/www.trommel-workshops.de\/teamevents\/afrikanisch-tanzen-von-trommel-workshops\/","og_locale":"nl_NL","og_type":"article","og_title":"afrikanisch-tanzen von Trommel-Workshops.de","og_description":"Afrikanischer tanzen ist aktivierend und gibt den n\u00f6tigen Kick. Geeignet f\u00fcr alle - ob jung oder alt, jeder kann auf seine Art dabei sein","og_url":"https:\/\/www.trommel-workshops.de\/teamevents\/afrikanisch-tanzen-von-trommel-workshops\/","og_site_name":"Trommel Workshops","article_modified_time":"2017-02-10T10:39:37+00:00","og_image":[{"url":"http:\/\/www.trommel-workshops.de\/teamevents\/wp-content\/uploads\/2016\/02\/button.png","type":"","width":"","height":""}],"twitter_card":"summary_large_image","twitter_misc":{"Geschatte leestijd":"1 minuut"},"schema":{"@context":"https:\/\/schema.org","@graph":[{"@type":"WebPage","@id":"https:\/\/www.trommel-workshops.de\/teamevents\/afrikanisch-tanzen-von-trommel-workshops\/","url":"https:\/\/www.trommel-workshops.de\/teamevents\/afrikanisch-tanzen-von-trommel-workshops\/","name":"afrikanisch-tanzen von Trommel-Workshops.de","isPartOf":{"@id":"https:\/\/www.trommel-workshops.de\/teamevents\/#website"},"primaryImageOfPage":{"@id":"https:\/\/www.trommel-workshops.de\/teamevents\/afrikanisch-tanzen-von-trommel-workshops\/#primaryimage"},"image":{"@id":"https:\/\/www.trommel-workshops.de\/teamevents\/afrikanisch-tanzen-von-trommel-workshops\/#primaryimage"},"thumbnailUrl":"http:\/\/www.trommel-workshops.de\/teamevents\/wp-content\/uploads\/2016\/02\/button.png","datePublished":"2016-02-03T16:29:49+00:00","dateModified":"2017-02-10T10:39:37+00:00","description":"Afrikanischer tanzen ist aktivierend und gibt den n\u00f6tigen Kick. Geeignet f\u00fcr alle - ob jung oder alt, jeder kann auf seine Art dabei sein","breadcrumb":{"@id":"https:\/\/www.trommel-workshops.de\/teamevents\/afrikanisch-tanzen-von-trommel-workshops\/#breadcrumb"},"inLanguage":"nl-NL","potentialAction":[{"@type":"ReadAction","target":["https:\/\/www.trommel-workshops.de\/teamevents\/afrikanisch-tanzen-von-trommel-workshops\/"]}]},{"@type":"ImageObject","inLanguage":"nl-NL","@id":"https:\/\/www.trommel-workshops.de\/teamevents\/afrikanisch-tanzen-von-trommel-workshops\/#primaryimage","url":"https:\/\/www.trommel-workshops.de\/teamevents\/wp-content\/uploads\/2016\/02\/button.png","contentUrl":"https:\/\/www.trommel-workshops.de\/teamevents\/wp-content\/uploads\/2016\/02\/button.png","width":506,"height":46},{"@type":"BreadcrumbList","@id":"https:\/\/www.trommel-workshops.de\/teamevents\/afrikanisch-tanzen-von-trommel-workshops\/#breadcrumb","itemListElement":[{"@type":"ListItem","position":1,"name":"Home","item":"https:\/\/www.trommel-workshops.de\/teamevents\/"},{"@type":"ListItem","position":2,"name":"afrikanisch-tanzen von Trommel-Workshops.de"}]},{"@type":"WebSite","@id":"https:\/\/www.trommel-workshops.de\/teamevents\/#website","url":"https:\/\/www.trommel-workshops.de\/teamevents\/","name":"Trommel Workshops","description":"Djembe-Trommeln, Bodypercussion, Dinnerworkshops und Teamtrommeln","publisher":{"@id":"https:\/\/www.trommel-workshops.de\/teamevents\/#organization"},"potentialAction":[{"@type":"SearchAction","target":{"@type":"EntryPoint","urlTemplate":"https:\/\/www.trommel-workshops.de\/teamevents\/?s={search_term_string}"},"query-input":{"@type":"PropertyValueSpecification","valueRequired":true,"valueName":"search_term_string"}}],"inLanguage":"nl-NL"},{"@type":"Organization","@id":"https:\/\/www.trommel-workshops.de\/teamevents\/#organization","name":"Anitya, training en advies VOF","url":"https:\/\/www.trommel-workshops.de\/teamevents\/","logo":{"@type":"ImageObject","inLanguage":"nl-NL","@id":"https:\/\/www.trommel-workshops.de\/teamevents\/#\/schema\/logo\/image\/","url":"https:\/\/www.trommel-workshops.de\/teamevents\/wp-content\/uploads\/2016\/02\/Die-Trommelenden-Hollander_Tag_Logo.png","contentUrl":"https:\/\/www.trommel-workshops.de\/teamevents\/wp-content\/uploads\/2016\/02\/Die-Trommelenden-Hollander_Tag_Logo.png","width":1512,"height":459,"caption":"Anitya, training en advies VOF"},"image":{"@id":"https:\/\/www.trommel-workshops.de\/teamevents\/#\/schema\/logo\/image\/"}}]}},"_links":{"self":[{"href":"https:\/\/www.trommel-workshops.de\/teamevents\/wp-json\/wp\/v2\/pages\/57","targetHints":{"allow":["GET"]}}],"collection":[{"href":"https:\/\/www.trommel-workshops.de\/teamevents\/wp-json\/wp\/v2\/pages"}],"about":[{"href":"https:\/\/www.trommel-workshops.de\/teamevents\/wp-json\/wp\/v2\/types\/page"}],"author":[{"embeddable":true,"href":"https:\/\/www.trommel-workshops.de\/teamevents\/wp-json\/wp\/v2\/users\/1"}],"replies":[{"embeddable":true,"href":"https:\/\/www.trommel-workshops.de\/teamevents\/wp-json\/wp\/v2\/comments?post=57"}],"version-history":[{"count":0,"href":"https:\/\/www.trommel-workshops.de\/teamevents\/wp-json\/wp\/v2\/pages\/57\/revisions"}],"wp:attachment":[{"href":"https:\/\/www.trommel-workshops.de\/teamevents\/wp-json\/wp\/v2\/media?parent=57"}],"curies":[{"name":"wp","href":"https:\/\/api.w.org\/{rel}","templated":true}]}}