{"id":55,"date":"2016-02-03T17:28:38","date_gmt":"2016-02-03T16:28:38","guid":{"rendered":"http:\/\/www.trommel-workshops.de\/teamevents\/?page_id=55"},"modified":"2017-02-15T13:26:22","modified_gmt":"2017-02-15T12:26:22","slug":"dinnerworkshop-trommeln-mit-trommel-workshops-de","status":"publish","type":"page","link":"https:\/\/www.trommel-workshops.de\/teamevents\/dinnerworkshop-trommeln-mit-trommel-workshops-de\/","title":{"rendered":"Dinnerworkshop-trommeln"},"content":{"rendered":"<h1>Dinnerworkshop mit Trommeln<\/h1>\n<div id=\"metaslider-id-224\" style=\"max-width: 700px;\" class=\"ml-slider-3-106-0 metaslider metaslider-flex metaslider-224 ml-slider ms-theme-default nav-hidden\" role=\"region\" aria-label=\"Dinnerprogramm\" data-height=\"300\" data-width=\"700\">\n    <div id=\"metaslider_container_224\">\n        <div id=\"metaslider_224\">\n            <ul class='slides'>\n                <li style=\"display: block; width: 100%;\" class=\"slide-154 ms-image \" aria-roledescription=\"slide\" data-date=\"2016-11-04 17:06:41\" data-filename=\"slidesmall-641x275.jpg\" data-slide-type=\"image\"><img loading=\"lazy\" decoding=\"async\" src=\"https:\/\/www.trommel-workshops.de\/teamevents\/wp-content\/uploads\/2016\/02\/slidesmall-641x275.jpg\" height=\"300\" width=\"700\" alt=\"\" class=\"slider-224 slide-154 msDefaultImage\" \/><\/li>\n                <li style=\"display: none; width: 100%;\" class=\"slide-174 ms-image \" aria-roledescription=\"slide\" data-date=\"2016-11-04 17:07:24\" data-filename=\"slidesmalldiner-700x300.jpg\" data-slide-type=\"image\"><img loading=\"lazy\" decoding=\"async\" src=\"https:\/\/www.trommel-workshops.de\/teamevents\/wp-content\/uploads\/2016\/02\/slidesmalldiner-700x300.jpg\" height=\"300\" width=\"700\" alt=\"\" class=\"slider-224 slide-174 msDefaultImage\" \/><\/li>\n                <li style=\"display: none; width: 100%;\" class=\"slide-177 ms-image \" aria-roledescription=\"slide\" data-date=\"2016-11-04 17:07:49\" data-filename=\"trommelworkshop-700x300.jpg\" data-slide-type=\"image\"><img loading=\"lazy\" decoding=\"async\" src=\"https:\/\/www.trommel-workshops.de\/teamevents\/wp-content\/uploads\/2016\/02\/trommelworkshop-700x300.jpg\" height=\"300\" width=\"700\" alt=\"\" class=\"slider-224 slide-177 msDefaultImage\" \/><\/li>\n                <li style=\"display: none; width: 100%;\" class=\"slide-159 ms-image \" aria-roledescription=\"slide\" data-date=\"2016-11-04 17:06:51\" data-filename=\"slidesmall5-641x275.jpg\" data-slide-type=\"image\"><img loading=\"lazy\" decoding=\"async\" src=\"https:\/\/www.trommel-workshops.de\/teamevents\/wp-content\/uploads\/2016\/02\/slidesmall5-641x275.jpg\" height=\"300\" width=\"700\" alt=\"\" class=\"slider-224 slide-159 msDefaultImage\" \/><\/li>\n                <li style=\"display: none; width: 100%;\" class=\"slide-145 ms-image \" aria-roledescription=\"slide\" data-date=\"2016-11-04 17:06:19\" data-filename=\"slidersmall16-641x275.jpg\" data-slide-type=\"image\"><img loading=\"lazy\" decoding=\"async\" src=\"https:\/\/www.trommel-workshops.de\/teamevents\/wp-content\/uploads\/2016\/02\/slidersmall16-641x275.jpg\" height=\"300\" width=\"700\" alt=\"\" class=\"slider-224 slide-145 msDefaultImage\" \/><\/li>\n            <\/ul>\n        <\/div>\n        \n    <\/div>\n<\/div>\n<p>&nbsp;<\/p>\n<p><a href=\"http:\/\/www.trommel-workshops.de\/teamevents\/anfrage-workshops-trommeln-dinnerworkshops-bypercussion-afrikanisch-tanzen\/\" rel=\"attachment wp-att-66\"><img loading=\"lazy\" decoding=\"async\" class=\"alignnone wp-image-66 size-full\" src=\"http:\/\/www.trommel-workshops.de\/teamevents\/wp-content\/uploads\/2016\/02\/button.png\" alt=\"Angebot f\u00fcr Trommelworkshop anfragen\" width=\"506\" height=\"46\" srcset=\"https:\/\/www.trommel-workshops.de\/teamevents\/wp-content\/uploads\/2016\/02\/button.png 506w, https:\/\/www.trommel-workshops.de\/teamevents\/wp-content\/uploads\/2016\/02\/button-300x27.png 300w\" sizes=\"auto, (max-width: 506px) 100vw, 506px\" \/><\/a><\/p>\n<p>&nbsp;<\/p>\n<h2>Erlebnisreicher Abend mit afrikanischer Percussion<\/h2>\n<p>Servieren Sie Ihren G\u00e4sten zum Dinner einen au\u00dfergew\u00f6hnlichen und musikalischen Gang. Zwischen den einzelne G\u00e4ngen Ihres Men\u00fcs bauen wir Workshopeinheiten Drumming ein. Wir beginnen mit kleinen Instrumenten und einfachen Arrangements, nach und nach f\u00fcgen sich immer mehr Rhythmen zusammen, bis wir am Ende alle gemeinsam mit einem spektakul\u00e4ren Finale enden.<\/p>\n<p>&nbsp;<\/p>\n<h2>Teamentwicklung oder Feier mit Percussion<\/h2>\n<p>Eine Feierlichkeit, eine Party, eine Fortbildung oder ein Betriebsausflug \u2013 all diese Anl\u00e4sse werden durch einen Dinner-Workshop zu einem unvergesslichen Erlebnis. Wir erzeugen Verbindung durch Rhythmus, stehen f\u00fcr hohe Qualit\u00e4t und\u00a0arbeiten nur mit erfahrenen Percussionworkshop-Leitern.<\/p>\n<p>&nbsp;<\/p>\n<h2>Verbindung erzeugen durch Rhythmus<\/h2>\n<p>Afrikanisch trommeln st\u00e4rkt den Teamgeist. Wir binden alle von Beginn an aktiv ein und bringen sie in Einklang. Die afrikanischen Kl\u00e4nge eines Percussion Workshop sind anregend und mitrei\u00dfend und bringen innerhalb von 15 Min alle in Schwung. Wir stehen f\u00fcr hohe Qualit\u00e4t und arbeiten nur mit erfahrenen Workshop-Leitern.<\/p>\n<p>&nbsp;<\/p>\n<h2>Dinner-Percussion f\u00fcr bis zu 100 personen<\/h2>\n<p>Die Teilnehmerzahl unserer Dinner-n-Drumworkshops variiert von 20-100 Personen. Wir arbeiten vor Ort in Nordrhein-Westfalen und auf Anfrage auch in ganz Deutschland. Wenn Sie weitere <a href=\"http:\/\/www.trommel-workshops.de\/teamevents\/anfrage-workshops-trommeln-dinnerworkshops-bypercussion-afrikanisch-tanzen\/\">Informationen <\/a>w\u00fcnschen, nehmen Sie bitte Kontakt auf.<\/p>\n<p>&nbsp;<\/p>\n<p>&nbsp;<\/p>\n","protected":false},"excerpt":{"rendered":"<p>Dinnerworkshop mit Trommeln &nbsp; &nbsp; Erlebnisreicher Abend mit afrikanischer Percussion Servieren Sie Ihren G\u00e4sten zum Dinner einen au\u00dfergew\u00f6hnlichen und musikalischen Gang. Zwischen den einzelne G\u00e4ngen Ihres Men\u00fcs bauen wir Workshopeinheiten&#8230; <\/p>\n","protected":false},"author":1,"featured_media":0,"parent":0,"menu_order":0,"comment_status":"closed","ping_status":"closed","template":"page-left.php","meta":{"footnotes":""},"class_list":["post-55","page","type-page","status-publish","hentry"],"yoast_head":"<!-- This site is optimized with the Yoast SEO plugin v27.1.1 - https:\/\/yoast.com\/product\/yoast-seo-wordpress\/ -->\n<title>Dinnerworkshop Trommeln mit Trommel-Workshops.de<\/title>\n<meta name=\"description\" content=\"Servieren Sie Ihren G\u00e4sten zum Dinner einen au\u00dfergew\u00f6hnlichen und musikalischen Gang. Dinnerworkshop mit Trommeln: Erlebnisreicher Abend mit Percussion\" \/>\n<meta name=\"robots\" content=\"index, follow, max-snippet:-1, max-image-preview:large, max-video-preview:-1\" \/>\n<link rel=\"canonical\" href=\"https:\/\/www.trommel-workshops.de\/teamevents\/dinnerworkshop-trommeln-mit-trommel-workshops-de\/\" \/>\n<meta property=\"og:locale\" content=\"nl_NL\" \/>\n<meta property=\"og:type\" content=\"article\" \/>\n<meta property=\"og:title\" content=\"Dinnerworkshop Trommeln mit Trommel-Workshops.de\" \/>\n<meta property=\"og:description\" content=\"Servieren Sie Ihren G\u00e4sten zum Dinner einen au\u00dfergew\u00f6hnlichen und musikalischen Gang. Dinnerworkshop mit Trommeln: Erlebnisreicher Abend mit Percussion\" \/>\n<meta property=\"og:url\" content=\"https:\/\/www.trommel-workshops.de\/teamevents\/dinnerworkshop-trommeln-mit-trommel-workshops-de\/\" \/>\n<meta property=\"og:site_name\" content=\"Trommel Workshops\" \/>\n<meta property=\"article:modified_time\" content=\"2017-02-15T12:26:22+00:00\" \/>\n<meta property=\"og:image\" content=\"http:\/\/www.trommel-workshops.de\/teamevents\/wp-content\/uploads\/2016\/02\/button.png\" \/>\n<meta name=\"twitter:card\" content=\"summary_large_image\" \/>\n<meta name=\"twitter:label1\" content=\"Geschatte leestijd\" \/>\n\t<meta name=\"twitter:data1\" content=\"1 minuut\" \/>\n<script type=\"application\/ld+json\" class=\"yoast-schema-graph\">{\"@context\":\"https:\/\/schema.org\",\"@graph\":[{\"@type\":\"WebPage\",\"@id\":\"https:\/\/www.trommel-workshops.de\/teamevents\/dinnerworkshop-trommeln-mit-trommel-workshops-de\/\",\"url\":\"https:\/\/www.trommel-workshops.de\/teamevents\/dinnerworkshop-trommeln-mit-trommel-workshops-de\/\",\"name\":\"Dinnerworkshop Trommeln mit Trommel-Workshops.de\",\"isPartOf\":{\"@id\":\"https:\/\/www.trommel-workshops.de\/teamevents\/#website\"},\"primaryImageOfPage\":{\"@id\":\"https:\/\/www.trommel-workshops.de\/teamevents\/dinnerworkshop-trommeln-mit-trommel-workshops-de\/#primaryimage\"},\"image\":{\"@id\":\"https:\/\/www.trommel-workshops.de\/teamevents\/dinnerworkshop-trommeln-mit-trommel-workshops-de\/#primaryimage\"},\"thumbnailUrl\":\"http:\/\/www.trommel-workshops.de\/teamevents\/wp-content\/uploads\/2016\/02\/button.png\",\"datePublished\":\"2016-02-03T16:28:38+00:00\",\"dateModified\":\"2017-02-15T12:26:22+00:00\",\"description\":\"Servieren Sie Ihren G\u00e4sten zum Dinner einen au\u00dfergew\u00f6hnlichen und musikalischen Gang. Dinnerworkshop mit Trommeln: Erlebnisreicher Abend mit Percussion\",\"breadcrumb\":{\"@id\":\"https:\/\/www.trommel-workshops.de\/teamevents\/dinnerworkshop-trommeln-mit-trommel-workshops-de\/#breadcrumb\"},\"inLanguage\":\"nl-NL\",\"potentialAction\":[{\"@type\":\"ReadAction\",\"target\":[\"https:\/\/www.trommel-workshops.de\/teamevents\/dinnerworkshop-trommeln-mit-trommel-workshops-de\/\"]}]},{\"@type\":\"ImageObject\",\"inLanguage\":\"nl-NL\",\"@id\":\"https:\/\/www.trommel-workshops.de\/teamevents\/dinnerworkshop-trommeln-mit-trommel-workshops-de\/#primaryimage\",\"url\":\"https:\/\/www.trommel-workshops.de\/teamevents\/wp-content\/uploads\/2016\/02\/button.png\",\"contentUrl\":\"https:\/\/www.trommel-workshops.de\/teamevents\/wp-content\/uploads\/2016\/02\/button.png\",\"width\":506,\"height\":46},{\"@type\":\"BreadcrumbList\",\"@id\":\"https:\/\/www.trommel-workshops.de\/teamevents\/dinnerworkshop-trommeln-mit-trommel-workshops-de\/#breadcrumb\",\"itemListElement\":[{\"@type\":\"ListItem\",\"position\":1,\"name\":\"Home\",\"item\":\"https:\/\/www.trommel-workshops.de\/teamevents\/\"},{\"@type\":\"ListItem\",\"position\":2,\"name\":\"Dinnerworkshop-trommeln\"}]},{\"@type\":\"WebSite\",\"@id\":\"https:\/\/www.trommel-workshops.de\/teamevents\/#website\",\"url\":\"https:\/\/www.trommel-workshops.de\/teamevents\/\",\"name\":\"Trommel Workshops\",\"description\":\"Djembe-Trommeln, Bodypercussion, Dinnerworkshops und Teamtrommeln\",\"publisher\":{\"@id\":\"https:\/\/www.trommel-workshops.de\/teamevents\/#organization\"},\"potentialAction\":[{\"@type\":\"SearchAction\",\"target\":{\"@type\":\"EntryPoint\",\"urlTemplate\":\"https:\/\/www.trommel-workshops.de\/teamevents\/?s={search_term_string}\"},\"query-input\":{\"@type\":\"PropertyValueSpecification\",\"valueRequired\":true,\"valueName\":\"search_term_string\"}}],\"inLanguage\":\"nl-NL\"},{\"@type\":\"Organization\",\"@id\":\"https:\/\/www.trommel-workshops.de\/teamevents\/#organization\",\"name\":\"Anitya, training en advies VOF\",\"url\":\"https:\/\/www.trommel-workshops.de\/teamevents\/\",\"logo\":{\"@type\":\"ImageObject\",\"inLanguage\":\"nl-NL\",\"@id\":\"https:\/\/www.trommel-workshops.de\/teamevents\/#\/schema\/logo\/image\/\",\"url\":\"https:\/\/www.trommel-workshops.de\/teamevents\/wp-content\/uploads\/2016\/02\/Die-Trommelenden-Hollander_Tag_Logo.png\",\"contentUrl\":\"https:\/\/www.trommel-workshops.de\/teamevents\/wp-content\/uploads\/2016\/02\/Die-Trommelenden-Hollander_Tag_Logo.png\",\"width\":1512,\"height\":459,\"caption\":\"Anitya, training en advies VOF\"},\"image\":{\"@id\":\"https:\/\/www.trommel-workshops.de\/teamevents\/#\/schema\/logo\/image\/\"}}]}<\/script>\n<!-- \/ Yoast SEO plugin. -->","yoast_head_json":{"title":"Dinnerworkshop Trommeln mit Trommel-Workshops.de","description":"Servieren Sie Ihren G\u00e4sten zum Dinner einen au\u00dfergew\u00f6hnlichen und musikalischen Gang. Dinnerworkshop mit Trommeln: Erlebnisreicher Abend mit Percussion","robots":{"index":"index","follow":"follow","max-snippet":"max-snippet:-1","max-image-preview":"max-image-preview:large","max-video-preview":"max-video-preview:-1"},"canonical":"https:\/\/www.trommel-workshops.de\/teamevents\/dinnerworkshop-trommeln-mit-trommel-workshops-de\/","og_locale":"nl_NL","og_type":"article","og_title":"Dinnerworkshop Trommeln mit Trommel-Workshops.de","og_description":"Servieren Sie Ihren G\u00e4sten zum Dinner einen au\u00dfergew\u00f6hnlichen und musikalischen Gang. Dinnerworkshop mit Trommeln: Erlebnisreicher Abend mit Percussion","og_url":"https:\/\/www.trommel-workshops.de\/teamevents\/dinnerworkshop-trommeln-mit-trommel-workshops-de\/","og_site_name":"Trommel Workshops","article_modified_time":"2017-02-15T12:26:22+00:00","og_image":[{"url":"http:\/\/www.trommel-workshops.de\/teamevents\/wp-content\/uploads\/2016\/02\/button.png","type":"","width":"","height":""}],"twitter_card":"summary_large_image","twitter_misc":{"Geschatte leestijd":"1 minuut"},"schema":{"@context":"https:\/\/schema.org","@graph":[{"@type":"WebPage","@id":"https:\/\/www.trommel-workshops.de\/teamevents\/dinnerworkshop-trommeln-mit-trommel-workshops-de\/","url":"https:\/\/www.trommel-workshops.de\/teamevents\/dinnerworkshop-trommeln-mit-trommel-workshops-de\/","name":"Dinnerworkshop Trommeln mit Trommel-Workshops.de","isPartOf":{"@id":"https:\/\/www.trommel-workshops.de\/teamevents\/#website"},"primaryImageOfPage":{"@id":"https:\/\/www.trommel-workshops.de\/teamevents\/dinnerworkshop-trommeln-mit-trommel-workshops-de\/#primaryimage"},"image":{"@id":"https:\/\/www.trommel-workshops.de\/teamevents\/dinnerworkshop-trommeln-mit-trommel-workshops-de\/#primaryimage"},"thumbnailUrl":"http:\/\/www.trommel-workshops.de\/teamevents\/wp-content\/uploads\/2016\/02\/button.png","datePublished":"2016-02-03T16:28:38+00:00","dateModified":"2017-02-15T12:26:22+00:00","description":"Servieren Sie Ihren G\u00e4sten zum Dinner einen au\u00dfergew\u00f6hnlichen und musikalischen Gang. Dinnerworkshop mit Trommeln: Erlebnisreicher Abend mit Percussion","breadcrumb":{"@id":"https:\/\/www.trommel-workshops.de\/teamevents\/dinnerworkshop-trommeln-mit-trommel-workshops-de\/#breadcrumb"},"inLanguage":"nl-NL","potentialAction":[{"@type":"ReadAction","target":["https:\/\/www.trommel-workshops.de\/teamevents\/dinnerworkshop-trommeln-mit-trommel-workshops-de\/"]}]},{"@type":"ImageObject","inLanguage":"nl-NL","@id":"https:\/\/www.trommel-workshops.de\/teamevents\/dinnerworkshop-trommeln-mit-trommel-workshops-de\/#primaryimage","url":"https:\/\/www.trommel-workshops.de\/teamevents\/wp-content\/uploads\/2016\/02\/button.png","contentUrl":"https:\/\/www.trommel-workshops.de\/teamevents\/wp-content\/uploads\/2016\/02\/button.png","width":506,"height":46},{"@type":"BreadcrumbList","@id":"https:\/\/www.trommel-workshops.de\/teamevents\/dinnerworkshop-trommeln-mit-trommel-workshops-de\/#breadcrumb","itemListElement":[{"@type":"ListItem","position":1,"name":"Home","item":"https:\/\/www.trommel-workshops.de\/teamevents\/"},{"@type":"ListItem","position":2,"name":"Dinnerworkshop-trommeln"}]},{"@type":"WebSite","@id":"https:\/\/www.trommel-workshops.de\/teamevents\/#website","url":"https:\/\/www.trommel-workshops.de\/teamevents\/","name":"Trommel Workshops","description":"Djembe-Trommeln, Bodypercussion, Dinnerworkshops und Teamtrommeln","publisher":{"@id":"https:\/\/www.trommel-workshops.de\/teamevents\/#organization"},"potentialAction":[{"@type":"SearchAction","target":{"@type":"EntryPoint","urlTemplate":"https:\/\/www.trommel-workshops.de\/teamevents\/?s={search_term_string}"},"query-input":{"@type":"PropertyValueSpecification","valueRequired":true,"valueName":"search_term_string"}}],"inLanguage":"nl-NL"},{"@type":"Organization","@id":"https:\/\/www.trommel-workshops.de\/teamevents\/#organization","name":"Anitya, training en advies VOF","url":"https:\/\/www.trommel-workshops.de\/teamevents\/","logo":{"@type":"ImageObject","inLanguage":"nl-NL","@id":"https:\/\/www.trommel-workshops.de\/teamevents\/#\/schema\/logo\/image\/","url":"https:\/\/www.trommel-workshops.de\/teamevents\/wp-content\/uploads\/2016\/02\/Die-Trommelenden-Hollander_Tag_Logo.png","contentUrl":"https:\/\/www.trommel-workshops.de\/teamevents\/wp-content\/uploads\/2016\/02\/Die-Trommelenden-Hollander_Tag_Logo.png","width":1512,"height":459,"caption":"Anitya, training en advies VOF"},"image":{"@id":"https:\/\/www.trommel-workshops.de\/teamevents\/#\/schema\/logo\/image\/"}}]}},"_links":{"self":[{"href":"https:\/\/www.trommel-workshops.de\/teamevents\/wp-json\/wp\/v2\/pages\/55","targetHints":{"allow":["GET"]}}],"collection":[{"href":"https:\/\/www.trommel-workshops.de\/teamevents\/wp-json\/wp\/v2\/pages"}],"about":[{"href":"https:\/\/www.trommel-workshops.de\/teamevents\/wp-json\/wp\/v2\/types\/page"}],"author":[{"embeddable":true,"href":"https:\/\/www.trommel-workshops.de\/teamevents\/wp-json\/wp\/v2\/users\/1"}],"replies":[{"embeddable":true,"href":"https:\/\/www.trommel-workshops.de\/teamevents\/wp-json\/wp\/v2\/comments?post=55"}],"version-history":[{"count":0,"href":"https:\/\/www.trommel-workshops.de\/teamevents\/wp-json\/wp\/v2\/pages\/55\/revisions"}],"wp:attachment":[{"href":"https:\/\/www.trommel-workshops.de\/teamevents\/wp-json\/wp\/v2\/media?parent=55"}],"curies":[{"name":"wp","href":"https:\/\/api.w.org\/{rel}","templated":true}]}}