{"id":53,"date":"2016-02-03T17:27:46","date_gmt":"2016-02-03T16:27:46","guid":{"rendered":"http:\/\/www.trommel-workshops.de\/teamevents\/?page_id=53"},"modified":"2017-02-10T11:37:27","modified_gmt":"2017-02-10T10:37:27","slug":"djembe-trommeln-mit-trommel-workshops-de","status":"publish","type":"page","link":"https:\/\/www.trommel-workshops.de\/teamevents\/djembe-trommeln-mit-trommel-workshops-de\/","title":{"rendered":"Djembe-Trommeln"},"content":{"rendered":"<h1>Trommelworkshop: Spa\u00df und Aktivit\u00e4t<\/h1>\n<div id=\"metaslider-id-217\" style=\"max-width: 700px;\" class=\"ml-slider-3-106-0 metaslider metaslider-flex metaslider-217 ml-slider ms-theme-default nav-hidden\" role=\"region\" aria-label=\"Djembe-Trommeln\" data-height=\"300\" data-width=\"700\">\n    <div id=\"metaslider_container_217\">\n        <div id=\"metaslider_217\">\n            <ul class='slides'>\n                <li style=\"display: block; width: 100%;\" class=\"slide-154 ms-image \" aria-roledescription=\"slide\" data-date=\"2016-11-04 17:06:41\" data-filename=\"slidesmall-641x275.jpg\" data-slide-type=\"image\"><img loading=\"lazy\" decoding=\"async\" src=\"https:\/\/www.trommel-workshops.de\/teamevents\/wp-content\/uploads\/2016\/02\/slidesmall-641x275.jpg\" height=\"300\" width=\"700\" alt=\"\" class=\"slider-217 slide-154 msDefaultImage\" \/><\/li>\n                <li style=\"display: none; width: 100%;\" class=\"slide-156 ms-image \" aria-roledescription=\"slide\" data-date=\"2016-11-04 17:06:46\" data-filename=\"slidesmall3-641x275.jpg\" data-slide-type=\"image\"><img loading=\"lazy\" decoding=\"async\" src=\"https:\/\/www.trommel-workshops.de\/teamevents\/wp-content\/uploads\/2016\/02\/slidesmall3-641x275.jpg\" height=\"300\" width=\"700\" alt=\"\" class=\"slider-217 slide-156 msDefaultImage\" \/><\/li>\n                <li style=\"display: none; width: 100%;\" class=\"slide-13 ms-image \" aria-roledescription=\"slide\" data-date=\"2016-02-02 19:41:27\" data-filename=\"teamdresden-700x300.jpg\" data-slide-type=\"image\"><img loading=\"lazy\" decoding=\"async\" src=\"https:\/\/www.trommel-workshops.de\/teamevents\/wp-content\/uploads\/2016\/02\/teamdresden-700x300.jpg\" height=\"300\" width=\"700\" alt=\"\" class=\"slider-217 slide-13 msDefaultImage\" \/><\/li>\n                <li style=\"display: none; width: 100%;\" class=\"slide-167 ms-image \" aria-roledescription=\"slide\" data-date=\"2016-11-04 17:07:09\" data-filename=\"slidesmall32-641x275.jpg\" data-slide-type=\"image\"><img loading=\"lazy\" decoding=\"async\" src=\"https:\/\/www.trommel-workshops.de\/teamevents\/wp-content\/uploads\/2016\/02\/slidesmall32-641x275.jpg\" height=\"300\" width=\"700\" alt=\"\" class=\"slider-217 slide-167 msDefaultImage\" \/><\/li>\n                <li style=\"display: none; width: 100%;\" class=\"slide-166 ms-image \" aria-roledescription=\"slide\" data-date=\"2016-11-04 17:07:08\" data-filename=\"slidesmall31-641x275.jpg\" data-slide-type=\"image\"><img loading=\"lazy\" decoding=\"async\" src=\"https:\/\/www.trommel-workshops.de\/teamevents\/wp-content\/uploads\/2016\/02\/slidesmall31-641x275.jpg\" height=\"300\" width=\"700\" alt=\"\" class=\"slider-217 slide-166 msDefaultImage\" \/><\/li>\n            <\/ul>\n        <\/div>\n        \n    <\/div>\n<\/div>\n<p>&nbsp;<\/p>\n<p><a href=\"http:\/\/www.trommel-workshops.de\/teamevents\/anfrage-workshops-trommeln-dinnerworkshops-bypercussion-afrikanisch-tanzen\/\" rel=\"attachment wp-att-66\"><img loading=\"lazy\" decoding=\"async\" class=\"alignnone wp-image-66 size-full\" src=\"http:\/\/www.trommel-workshops.de\/teamevents\/wp-content\/uploads\/2016\/02\/button.png\" alt=\"Angebot f\u00fcr Trommelworkshop anfragen\" width=\"506\" height=\"46\" srcset=\"https:\/\/www.trommel-workshops.de\/teamevents\/wp-content\/uploads\/2016\/02\/button.png 506w, https:\/\/www.trommel-workshops.de\/teamevents\/wp-content\/uploads\/2016\/02\/button-300x27.png 300w\" sizes=\"auto, (max-width: 506px) 100vw, 506px\" \/><\/a><\/p>\n<p>&nbsp;<\/p>\n<blockquote><p>Tipp der Woche:\u00a0<a href=\"http:\/\/www.trommel-workshops.de\/teamevents\/dinnerworkshop-trommeln\/\">Drum-n-dinner\u00a0<\/a>Nehmen Sie an einem Djembeworkshop rund um Ihr Men\u00fc oder Buffet teil! Ein vielversprechender Abend f\u00fcr Ihr Team und Ihre G\u00e4ste.<\/p>\n<p>&nbsp;<\/p><\/blockquote>\n<h2>Energiegeladene Djembe-Percussion Workshop<\/h2>\n<p>Afrikanische Djembe-Percussion bringt Ihre Gruppe in Bewegung und gibt viel Energie. Es ist wunderbar zu sehen, wie Gesichter sich hinter einer Trommel ver\u00e4ndern. Jeder kann teilnehmen, Percussion- Djembe-Vorerfahrung ist nicht notwendig. Machen Sie einfach mit!<\/p>\n<p>&nbsp;<\/p>\n<h2>Verbindung erzeugen durch Rhythmus<\/h2>\n<p>Afrikanisch trommeln st\u00e4rkt den Teamgeist. Wir binden alle von Beginn an aktiv ein und bringen sie in Einklang. Die afrikanischen Kl\u00e4nge eines Percussion Workshop sind anregend und mitrei\u00dfend und bringen innerhalb von 15 Min alle in Schwung. Wir stehen f\u00fcr hohe Qualit\u00e4t und arbeiten nur mit erfahrenen Workshop-Leitern.<\/p>\n<p>&nbsp;<\/p>\n<h2>Djembe Percussion f\u00fcr bis zu 300\u00a0Personen<\/h2>\n<p>Die Teilnehmerzahl unserer\u00a0<a href=\"http:\/\/www.trommel-workshops.de\/teamevents\/djembe-trommeln\/\">Djembeworkshop<\/a>\u00a0und teamentwicklung mit Djembe-Trommeln kann zwischen 10 und 300 Personen variieren. Die Anzahl der Workshop-Leiter wird entsprechend darauf abgestimmt. Wir arbeiten vor Ort in ganz Deutschland.<\/p>\n<p>&nbsp;<\/p>\n<h2>Unsere Workshops wurden bereits im Rahmen folgender Veranstaltungen gebucht:<\/h2>\n<p>Betriebsausfl\u00fcge, Teamentwicklung, Abschlussfeiern von Fort- oder Ausbildung, Seminare, Gesch\u00e4ftsreisen, Betriebsfeiern, Projekt-Meetings, Neujahrsempf\u00e4ngen, Fusionen, Reorganisationen, Affiliate-Programmen, Werbekampagnen, CD-Aufnahmen, Motivationsseminaren \u2013 und auch bei Familienfeiern, Festen unter Freunden, als Wochenendaktivit\u00e4t, bei Ausfl\u00fcgen, Geburtstagen und Hochzeiten.<\/p>\n<p>&nbsp;<\/p>\n<h2>Auftraggeber waren Hunderte von Organisationen und Gruppen:<\/h2>\n<p>Letzen Jahren haben wir in Deutschland f\u00fcr viele Unternehmen und Organizationen ua Fuji-Film, Deutsche Bahn, Ikea, New Energy\u00a0Services, Axa, OptaData GmbH, Henkel, Achmea, Thomas Cook, ING-Bank, Rabo-Bank, Uka-Nord und viele kleine Unternehmen und private Gruppen Workshops versorgt.<\/p>\n<p>&nbsp;<\/p>\n","protected":false},"excerpt":{"rendered":"<p>Trommelworkshop: Spa\u00df und Aktivit\u00e4t &nbsp; &nbsp; Tipp der Woche:\u00a0Drum-n-dinner\u00a0Nehmen Sie an einem Djembeworkshop rund um Ihr Men\u00fc oder Buffet teil! Ein vielversprechender Abend f\u00fcr Ihr Team und Ihre G\u00e4ste. &nbsp;&#8230; <\/p>\n","protected":false},"author":1,"featured_media":0,"parent":0,"menu_order":0,"comment_status":"closed","ping_status":"closed","template":"page-left.php","meta":{"footnotes":""},"class_list":["post-53","page","type-page","status-publish","hentry"],"yoast_head":"<!-- This site is optimized with the Yoast SEO plugin v27.1.1 - https:\/\/yoast.com\/product\/yoast-seo-wordpress\/ -->\n<title>Djembe-Trommeln und Percussion mit Trommel-Workshops.de<\/title>\n<meta name=\"description\" content=\"Afrikanische Djembe-Trommeln bringt Ihre Gruppe in Bewegung und gibt viel Energie. Jeder kann teilnehmen, Vorerfahrung ist nicht notwendig.\" \/>\n<meta name=\"robots\" content=\"index, follow, max-snippet:-1, max-image-preview:large, max-video-preview:-1\" \/>\n<link rel=\"canonical\" href=\"https:\/\/www.trommel-workshops.de\/teamevents\/djembe-trommeln-mit-trommel-workshops-de\/\" \/>\n<meta property=\"og:locale\" content=\"nl_NL\" \/>\n<meta property=\"og:type\" content=\"article\" \/>\n<meta property=\"og:title\" content=\"Djembe-Trommeln und Percussion mit Trommel-Workshops.de\" \/>\n<meta property=\"og:description\" content=\"Afrikanische Djembe-Trommeln bringt Ihre Gruppe in Bewegung und gibt viel Energie. Jeder kann teilnehmen, Vorerfahrung ist nicht notwendig.\" \/>\n<meta property=\"og:url\" content=\"https:\/\/www.trommel-workshops.de\/teamevents\/djembe-trommeln-mit-trommel-workshops-de\/\" \/>\n<meta property=\"og:site_name\" content=\"Trommel Workshops\" \/>\n<meta property=\"article:modified_time\" content=\"2017-02-10T10:37:27+00:00\" \/>\n<meta property=\"og:image\" content=\"http:\/\/www.trommel-workshops.de\/teamevents\/wp-content\/uploads\/2016\/02\/button.png\" \/>\n<meta name=\"twitter:card\" content=\"summary_large_image\" \/>\n<meta name=\"twitter:label1\" content=\"Geschatte leestijd\" \/>\n\t<meta name=\"twitter:data1\" content=\"1 minuut\" \/>\n<script type=\"application\/ld+json\" class=\"yoast-schema-graph\">{\"@context\":\"https:\/\/schema.org\",\"@graph\":[{\"@type\":\"WebPage\",\"@id\":\"https:\/\/www.trommel-workshops.de\/teamevents\/djembe-trommeln-mit-trommel-workshops-de\/\",\"url\":\"https:\/\/www.trommel-workshops.de\/teamevents\/djembe-trommeln-mit-trommel-workshops-de\/\",\"name\":\"Djembe-Trommeln und Percussion mit Trommel-Workshops.de\",\"isPartOf\":{\"@id\":\"https:\/\/www.trommel-workshops.de\/teamevents\/#website\"},\"primaryImageOfPage\":{\"@id\":\"https:\/\/www.trommel-workshops.de\/teamevents\/djembe-trommeln-mit-trommel-workshops-de\/#primaryimage\"},\"image\":{\"@id\":\"https:\/\/www.trommel-workshops.de\/teamevents\/djembe-trommeln-mit-trommel-workshops-de\/#primaryimage\"},\"thumbnailUrl\":\"http:\/\/www.trommel-workshops.de\/teamevents\/wp-content\/uploads\/2016\/02\/button.png\",\"datePublished\":\"2016-02-03T16:27:46+00:00\",\"dateModified\":\"2017-02-10T10:37:27+00:00\",\"description\":\"Afrikanische Djembe-Trommeln bringt Ihre Gruppe in Bewegung und gibt viel Energie. Jeder kann teilnehmen, Vorerfahrung ist nicht notwendig.\",\"breadcrumb\":{\"@id\":\"https:\/\/www.trommel-workshops.de\/teamevents\/djembe-trommeln-mit-trommel-workshops-de\/#breadcrumb\"},\"inLanguage\":\"nl-NL\",\"potentialAction\":[{\"@type\":\"ReadAction\",\"target\":[\"https:\/\/www.trommel-workshops.de\/teamevents\/djembe-trommeln-mit-trommel-workshops-de\/\"]}]},{\"@type\":\"ImageObject\",\"inLanguage\":\"nl-NL\",\"@id\":\"https:\/\/www.trommel-workshops.de\/teamevents\/djembe-trommeln-mit-trommel-workshops-de\/#primaryimage\",\"url\":\"https:\/\/www.trommel-workshops.de\/teamevents\/wp-content\/uploads\/2016\/02\/button.png\",\"contentUrl\":\"https:\/\/www.trommel-workshops.de\/teamevents\/wp-content\/uploads\/2016\/02\/button.png\",\"width\":506,\"height\":46},{\"@type\":\"BreadcrumbList\",\"@id\":\"https:\/\/www.trommel-workshops.de\/teamevents\/djembe-trommeln-mit-trommel-workshops-de\/#breadcrumb\",\"itemListElement\":[{\"@type\":\"ListItem\",\"position\":1,\"name\":\"Home\",\"item\":\"https:\/\/www.trommel-workshops.de\/teamevents\/\"},{\"@type\":\"ListItem\",\"position\":2,\"name\":\"Djembe-Trommeln\"}]},{\"@type\":\"WebSite\",\"@id\":\"https:\/\/www.trommel-workshops.de\/teamevents\/#website\",\"url\":\"https:\/\/www.trommel-workshops.de\/teamevents\/\",\"name\":\"Trommel Workshops\",\"description\":\"Djembe-Trommeln, Bodypercussion, Dinnerworkshops und Teamtrommeln\",\"publisher\":{\"@id\":\"https:\/\/www.trommel-workshops.de\/teamevents\/#organization\"},\"potentialAction\":[{\"@type\":\"SearchAction\",\"target\":{\"@type\":\"EntryPoint\",\"urlTemplate\":\"https:\/\/www.trommel-workshops.de\/teamevents\/?s={search_term_string}\"},\"query-input\":{\"@type\":\"PropertyValueSpecification\",\"valueRequired\":true,\"valueName\":\"search_term_string\"}}],\"inLanguage\":\"nl-NL\"},{\"@type\":\"Organization\",\"@id\":\"https:\/\/www.trommel-workshops.de\/teamevents\/#organization\",\"name\":\"Anitya, training en advies VOF\",\"url\":\"https:\/\/www.trommel-workshops.de\/teamevents\/\",\"logo\":{\"@type\":\"ImageObject\",\"inLanguage\":\"nl-NL\",\"@id\":\"https:\/\/www.trommel-workshops.de\/teamevents\/#\/schema\/logo\/image\/\",\"url\":\"https:\/\/www.trommel-workshops.de\/teamevents\/wp-content\/uploads\/2016\/02\/Die-Trommelenden-Hollander_Tag_Logo.png\",\"contentUrl\":\"https:\/\/www.trommel-workshops.de\/teamevents\/wp-content\/uploads\/2016\/02\/Die-Trommelenden-Hollander_Tag_Logo.png\",\"width\":1512,\"height\":459,\"caption\":\"Anitya, training en advies VOF\"},\"image\":{\"@id\":\"https:\/\/www.trommel-workshops.de\/teamevents\/#\/schema\/logo\/image\/\"}}]}<\/script>\n<!-- \/ Yoast SEO plugin. -->","yoast_head_json":{"title":"Djembe-Trommeln und Percussion mit Trommel-Workshops.de","description":"Afrikanische Djembe-Trommeln bringt Ihre Gruppe in Bewegung und gibt viel Energie. Jeder kann teilnehmen, Vorerfahrung ist nicht notwendig.","robots":{"index":"index","follow":"follow","max-snippet":"max-snippet:-1","max-image-preview":"max-image-preview:large","max-video-preview":"max-video-preview:-1"},"canonical":"https:\/\/www.trommel-workshops.de\/teamevents\/djembe-trommeln-mit-trommel-workshops-de\/","og_locale":"nl_NL","og_type":"article","og_title":"Djembe-Trommeln und Percussion mit Trommel-Workshops.de","og_description":"Afrikanische Djembe-Trommeln bringt Ihre Gruppe in Bewegung und gibt viel Energie. Jeder kann teilnehmen, Vorerfahrung ist nicht notwendig.","og_url":"https:\/\/www.trommel-workshops.de\/teamevents\/djembe-trommeln-mit-trommel-workshops-de\/","og_site_name":"Trommel Workshops","article_modified_time":"2017-02-10T10:37:27+00:00","og_image":[{"url":"http:\/\/www.trommel-workshops.de\/teamevents\/wp-content\/uploads\/2016\/02\/button.png","type":"","width":"","height":""}],"twitter_card":"summary_large_image","twitter_misc":{"Geschatte leestijd":"1 minuut"},"schema":{"@context":"https:\/\/schema.org","@graph":[{"@type":"WebPage","@id":"https:\/\/www.trommel-workshops.de\/teamevents\/djembe-trommeln-mit-trommel-workshops-de\/","url":"https:\/\/www.trommel-workshops.de\/teamevents\/djembe-trommeln-mit-trommel-workshops-de\/","name":"Djembe-Trommeln und Percussion mit Trommel-Workshops.de","isPartOf":{"@id":"https:\/\/www.trommel-workshops.de\/teamevents\/#website"},"primaryImageOfPage":{"@id":"https:\/\/www.trommel-workshops.de\/teamevents\/djembe-trommeln-mit-trommel-workshops-de\/#primaryimage"},"image":{"@id":"https:\/\/www.trommel-workshops.de\/teamevents\/djembe-trommeln-mit-trommel-workshops-de\/#primaryimage"},"thumbnailUrl":"http:\/\/www.trommel-workshops.de\/teamevents\/wp-content\/uploads\/2016\/02\/button.png","datePublished":"2016-02-03T16:27:46+00:00","dateModified":"2017-02-10T10:37:27+00:00","description":"Afrikanische Djembe-Trommeln bringt Ihre Gruppe in Bewegung und gibt viel Energie. Jeder kann teilnehmen, Vorerfahrung ist nicht notwendig.","breadcrumb":{"@id":"https:\/\/www.trommel-workshops.de\/teamevents\/djembe-trommeln-mit-trommel-workshops-de\/#breadcrumb"},"inLanguage":"nl-NL","potentialAction":[{"@type":"ReadAction","target":["https:\/\/www.trommel-workshops.de\/teamevents\/djembe-trommeln-mit-trommel-workshops-de\/"]}]},{"@type":"ImageObject","inLanguage":"nl-NL","@id":"https:\/\/www.trommel-workshops.de\/teamevents\/djembe-trommeln-mit-trommel-workshops-de\/#primaryimage","url":"https:\/\/www.trommel-workshops.de\/teamevents\/wp-content\/uploads\/2016\/02\/button.png","contentUrl":"https:\/\/www.trommel-workshops.de\/teamevents\/wp-content\/uploads\/2016\/02\/button.png","width":506,"height":46},{"@type":"BreadcrumbList","@id":"https:\/\/www.trommel-workshops.de\/teamevents\/djembe-trommeln-mit-trommel-workshops-de\/#breadcrumb","itemListElement":[{"@type":"ListItem","position":1,"name":"Home","item":"https:\/\/www.trommel-workshops.de\/teamevents\/"},{"@type":"ListItem","position":2,"name":"Djembe-Trommeln"}]},{"@type":"WebSite","@id":"https:\/\/www.trommel-workshops.de\/teamevents\/#website","url":"https:\/\/www.trommel-workshops.de\/teamevents\/","name":"Trommel Workshops","description":"Djembe-Trommeln, Bodypercussion, Dinnerworkshops und Teamtrommeln","publisher":{"@id":"https:\/\/www.trommel-workshops.de\/teamevents\/#organization"},"potentialAction":[{"@type":"SearchAction","target":{"@type":"EntryPoint","urlTemplate":"https:\/\/www.trommel-workshops.de\/teamevents\/?s={search_term_string}"},"query-input":{"@type":"PropertyValueSpecification","valueRequired":true,"valueName":"search_term_string"}}],"inLanguage":"nl-NL"},{"@type":"Organization","@id":"https:\/\/www.trommel-workshops.de\/teamevents\/#organization","name":"Anitya, training en advies VOF","url":"https:\/\/www.trommel-workshops.de\/teamevents\/","logo":{"@type":"ImageObject","inLanguage":"nl-NL","@id":"https:\/\/www.trommel-workshops.de\/teamevents\/#\/schema\/logo\/image\/","url":"https:\/\/www.trommel-workshops.de\/teamevents\/wp-content\/uploads\/2016\/02\/Die-Trommelenden-Hollander_Tag_Logo.png","contentUrl":"https:\/\/www.trommel-workshops.de\/teamevents\/wp-content\/uploads\/2016\/02\/Die-Trommelenden-Hollander_Tag_Logo.png","width":1512,"height":459,"caption":"Anitya, training en advies VOF"},"image":{"@id":"https:\/\/www.trommel-workshops.de\/teamevents\/#\/schema\/logo\/image\/"}}]}},"_links":{"self":[{"href":"https:\/\/www.trommel-workshops.de\/teamevents\/wp-json\/wp\/v2\/pages\/53","targetHints":{"allow":["GET"]}}],"collection":[{"href":"https:\/\/www.trommel-workshops.de\/teamevents\/wp-json\/wp\/v2\/pages"}],"about":[{"href":"https:\/\/www.trommel-workshops.de\/teamevents\/wp-json\/wp\/v2\/types\/page"}],"author":[{"embeddable":true,"href":"https:\/\/www.trommel-workshops.de\/teamevents\/wp-json\/wp\/v2\/users\/1"}],"replies":[{"embeddable":true,"href":"https:\/\/www.trommel-workshops.de\/teamevents\/wp-json\/wp\/v2\/comments?post=53"}],"version-history":[{"count":0,"href":"https:\/\/www.trommel-workshops.de\/teamevents\/wp-json\/wp\/v2\/pages\/53\/revisions"}],"wp:attachment":[{"href":"https:\/\/www.trommel-workshops.de\/teamevents\/wp-json\/wp\/v2\/media?parent=53"}],"curies":[{"name":"wp","href":"https:\/\/api.w.org\/{rel}","templated":true}]}}