{"id":51,"date":"2016-02-03T17:26:56","date_gmt":"2016-02-03T16:26:56","guid":{"rendered":"http:\/\/www.trommel-workshops.de\/teamevents\/?page_id=51"},"modified":"2017-02-10T11:39:07","modified_gmt":"2017-02-10T10:39:07","slug":"bodypercussion-workshop-von-trommel-workshops-de","status":"publish","type":"page","link":"https:\/\/www.trommel-workshops.de\/teamevents\/bodypercussion-workshop-von-trommel-workshops-de\/","title":{"rendered":"Bodypercussion-workshop"},"content":{"rendered":"<h1>Verbindung erzeugen durch Rhythmus!<\/h1>\n<div id=\"metaslider-id-220\" style=\"max-width: 700px;\" class=\"ml-slider-3-106-0 metaslider metaslider-flex metaslider-220 ml-slider ms-theme-default nav-hidden\" role=\"region\" aria-label=\"Bodypercussion\" data-height=\"300\" data-width=\"700\">\n    <div id=\"metaslider_container_220\">\n        <div id=\"metaslider_220\">\n            <ul class='slides'>\n                <li style=\"display: block; width: 100%;\" class=\"slide-143 ms-image \" aria-roledescription=\"slide\" data-date=\"2016-11-04 17:06:13\" data-filename=\"slidersmall15-641x275.jpg\" data-slide-type=\"image\"><img loading=\"lazy\" decoding=\"async\" src=\"https:\/\/www.trommel-workshops.de\/teamevents\/wp-content\/uploads\/2016\/02\/slidersmall15-641x275.jpg\" height=\"300\" width=\"700\" alt=\"\" class=\"slider-220 slide-143 msDefaultImage\" \/><\/li>\n                <li style=\"display: none; width: 100%;\" class=\"slide-160 ms-image \" aria-roledescription=\"slide\" data-date=\"2016-11-04 17:06:52\" data-filename=\"slidesmall6-641x275.jpg\" data-slide-type=\"image\"><img loading=\"lazy\" decoding=\"async\" src=\"https:\/\/www.trommel-workshops.de\/teamevents\/wp-content\/uploads\/2016\/02\/slidesmall6-641x275.jpg\" height=\"300\" width=\"700\" alt=\"\" class=\"slider-220 slide-160 msDefaultImage\" \/><\/li>\n                <li style=\"display: none; width: 100%;\" class=\"slide-163 ms-image \" aria-roledescription=\"slide\" data-date=\"2016-11-04 17:06:56\" data-filename=\"slidesmall10-641x275.jpg\" data-slide-type=\"image\"><img loading=\"lazy\" decoding=\"async\" src=\"https:\/\/www.trommel-workshops.de\/teamevents\/wp-content\/uploads\/2016\/02\/slidesmall10-641x275.jpg\" height=\"300\" width=\"700\" alt=\"\" class=\"slider-220 slide-163 msDefaultImage\" \/><\/li>\n                <li style=\"display: none; width: 100%;\" class=\"slide-145 ms-image \" aria-roledescription=\"slide\" data-date=\"2016-11-04 17:06:19\" data-filename=\"slidersmall16-641x275.jpg\" data-slide-type=\"image\"><img loading=\"lazy\" decoding=\"async\" src=\"https:\/\/www.trommel-workshops.de\/teamevents\/wp-content\/uploads\/2016\/02\/slidersmall16-641x275.jpg\" height=\"300\" width=\"700\" alt=\"\" class=\"slider-220 slide-145 msDefaultImage\" \/><\/li>\n            <\/ul>\n        <\/div>\n        \n    <\/div>\n<\/div>\n<p>&nbsp;<\/p>\n<p><strong><a href=\"http:\/\/www.trommel-workshops.de\/teamevents\/anfrage-workshops-trommeln-dinnerworkshops-bypercussion-afrikanisch-tanzen\/\" rel=\"attachment wp-att-66\"><img loading=\"lazy\" decoding=\"async\" class=\"alignnone wp-image-66 size-full\" src=\"http:\/\/www.trommel-workshops.de\/teamevents\/wp-content\/uploads\/2016\/02\/button.png\" alt=\"Angebot f\u00fcr Trommelworkshop anfragen\" width=\"506\" height=\"46\" srcset=\"https:\/\/www.trommel-workshops.de\/teamevents\/wp-content\/uploads\/2016\/02\/button.png 506w, https:\/\/www.trommel-workshops.de\/teamevents\/wp-content\/uploads\/2016\/02\/button-300x27.png 300w\" sizes=\"auto, (max-width: 506px) 100vw, 506px\" \/><\/a><\/strong><\/p>\n<p>&nbsp;<\/p>\n<h2>Bodypercussion, bringt alle in Bewegung<\/h2>\n<p>Body-Percussion wirkt wie eine Vitaminspritze f\u00fcr Ihre Gruppe. Alle werden in k\u00fcrzester Zeit munter &#8211; K\u00f6rper und Geist kommen wieder schnell in Bewegung. Bodypercussion spricht alle an, bildet die Gruppensynergien und setzt frei.<\/p>\n<p>&nbsp;<\/p>\n<h2>Kurzer effektiver Body-Percussion-Workshop<\/h2>\n<p>In einem energiegeladenen Workshop von 20-40 Minuten Dauer bringen wir alle in Schwung! Wir musizieren mit Instrumenten, die wir immer und \u00fcberall dabei haben: F\u00fcsse, H\u00e4nde und Stimme \u2013 Stampfen, Klatschen und Singen erm\u00f6glichen, verloren gegangene Energie in kurzer Zeit wiederzugewinnen<\/p>\n<p>&nbsp;<\/p>\n<h2>Body Percussion f\u00fcr bis zu 2.500 personen<\/h2>\n<p>Body Percussion eignet sich hervorragend als Muntermacher auf Konferenzen, oder auch zur Er\u00f6ffnung oder zum Abschluss Ihrer Tagung. F\u00fcr Gruppen bis zu 2500 Personen. <a href=\"http:\/\/www.trommel-workshops.de\/teamevents\/anfrage-workshops-trommeln-dinnerworkshops-bypercussion-afrikanisch-tanzen\/\">Wollen Sie mehr \u00fcber unsere Bodypercussion-Workshops erfahren?<\/a><\/p>\n<p>&nbsp;<\/p>\n<h2>Unsere Workshops wurden bereits im Rahmen folgender Veranstaltungen gebucht:<\/h2>\n<p>Betriebsausfl\u00fcge, Teamentwicklung, Abschlussfeiern von Fort- oder Ausbildung, Seminare, Gesch\u00e4ftsreisen, Betriebsfeiern, Projekt-Meetings, Neujahrsempf\u00e4ngen, Fusionen, Reorganisationen, Affiliate-Programmen, Werbekampagnen, CD-Aufnahmen, Motivationsseminaren \u2013 und auch bei Familienfeiern, Festen unter Freunden, als Wochenendaktivit\u00e4t, bei Ausfl\u00fcgen, Geburtstagen und Hochzeiten.<\/p>\n<p>&nbsp;<\/p>\n<h2>Auftraggeber waren Hunderte von Organisationen und Gruppen:<\/h2>\n<p>Letzen Jahren haben wir in Deutschland f\u00fcr viele Unternehmen und Organizationen ua Deutsche Bahn, Ikea, New Energy\u00a0Services, Axa, OptaData GmbH, Henkel, Achmea, Thomas Cook, ING-Bank, Rabo-Bank, VDI, Polizei, Uka-Nord und viele kleine Unternehmen und private Gruppen Workshops versorgt.<\/p>\n<p>&nbsp;<\/p>\n<p>&nbsp;<\/p>\n","protected":false},"excerpt":{"rendered":"<p>Verbindung erzeugen durch Rhythmus! &nbsp; &nbsp; Bodypercussion, bringt alle in Bewegung Body-Percussion wirkt wie eine Vitaminspritze f\u00fcr Ihre Gruppe. Alle werden in k\u00fcrzester Zeit munter &#8211; K\u00f6rper und Geist kommen&#8230; <\/p>\n","protected":false},"author":1,"featured_media":0,"parent":0,"menu_order":0,"comment_status":"closed","ping_status":"closed","template":"page-left.php","meta":{"footnotes":""},"class_list":["post-51","page","type-page","status-publish","hentry"],"yoast_head":"<!-- This site is optimized with the Yoast SEO plugin v27.1.1 - https:\/\/yoast.com\/product\/yoast-seo-wordpress\/ -->\n<title>bodypercussion-workshop von Trommel-Workshops.de<\/title>\n<meta name=\"description\" content=\"Body-Percussion wirkt wie eine Vitaminspritze f\u00fcr Ihre Gruppe. Bodypercussion spricht alle an, bildet die Gruppensynergien und setzt frei.\" \/>\n<meta name=\"robots\" content=\"index, follow, max-snippet:-1, max-image-preview:large, max-video-preview:-1\" \/>\n<link rel=\"canonical\" href=\"https:\/\/www.trommel-workshops.de\/teamevents\/bodypercussion-workshop-von-trommel-workshops-de\/\" \/>\n<meta property=\"og:locale\" content=\"nl_NL\" \/>\n<meta property=\"og:type\" content=\"article\" \/>\n<meta property=\"og:title\" content=\"bodypercussion-workshop von Trommel-Workshops.de\" \/>\n<meta property=\"og:description\" content=\"Body-Percussion wirkt wie eine Vitaminspritze f\u00fcr Ihre Gruppe. Bodypercussion spricht alle an, bildet die Gruppensynergien und setzt frei.\" \/>\n<meta property=\"og:url\" content=\"https:\/\/www.trommel-workshops.de\/teamevents\/bodypercussion-workshop-von-trommel-workshops-de\/\" \/>\n<meta property=\"og:site_name\" content=\"Trommel Workshops\" \/>\n<meta property=\"article:modified_time\" content=\"2017-02-10T10:39:07+00:00\" \/>\n<meta property=\"og:image\" content=\"http:\/\/www.trommel-workshops.de\/teamevents\/wp-content\/uploads\/2016\/02\/button.png\" \/>\n<meta name=\"twitter:card\" content=\"summary_large_image\" \/>\n<meta name=\"twitter:label1\" content=\"Geschatte leestijd\" \/>\n\t<meta name=\"twitter:data1\" content=\"1 minuut\" \/>\n<script type=\"application\/ld+json\" class=\"yoast-schema-graph\">{\"@context\":\"https:\/\/schema.org\",\"@graph\":[{\"@type\":\"WebPage\",\"@id\":\"https:\/\/www.trommel-workshops.de\/teamevents\/bodypercussion-workshop-von-trommel-workshops-de\/\",\"url\":\"https:\/\/www.trommel-workshops.de\/teamevents\/bodypercussion-workshop-von-trommel-workshops-de\/\",\"name\":\"bodypercussion-workshop von Trommel-Workshops.de\",\"isPartOf\":{\"@id\":\"https:\/\/www.trommel-workshops.de\/teamevents\/#website\"},\"primaryImageOfPage\":{\"@id\":\"https:\/\/www.trommel-workshops.de\/teamevents\/bodypercussion-workshop-von-trommel-workshops-de\/#primaryimage\"},\"image\":{\"@id\":\"https:\/\/www.trommel-workshops.de\/teamevents\/bodypercussion-workshop-von-trommel-workshops-de\/#primaryimage\"},\"thumbnailUrl\":\"http:\/\/www.trommel-workshops.de\/teamevents\/wp-content\/uploads\/2016\/02\/button.png\",\"datePublished\":\"2016-02-03T16:26:56+00:00\",\"dateModified\":\"2017-02-10T10:39:07+00:00\",\"description\":\"Body-Percussion wirkt wie eine Vitaminspritze f\u00fcr Ihre Gruppe. Bodypercussion spricht alle an, bildet die Gruppensynergien und setzt frei.\",\"breadcrumb\":{\"@id\":\"https:\/\/www.trommel-workshops.de\/teamevents\/bodypercussion-workshop-von-trommel-workshops-de\/#breadcrumb\"},\"inLanguage\":\"nl-NL\",\"potentialAction\":[{\"@type\":\"ReadAction\",\"target\":[\"https:\/\/www.trommel-workshops.de\/teamevents\/bodypercussion-workshop-von-trommel-workshops-de\/\"]}]},{\"@type\":\"ImageObject\",\"inLanguage\":\"nl-NL\",\"@id\":\"https:\/\/www.trommel-workshops.de\/teamevents\/bodypercussion-workshop-von-trommel-workshops-de\/#primaryimage\",\"url\":\"https:\/\/www.trommel-workshops.de\/teamevents\/wp-content\/uploads\/2016\/02\/button.png\",\"contentUrl\":\"https:\/\/www.trommel-workshops.de\/teamevents\/wp-content\/uploads\/2016\/02\/button.png\",\"width\":506,\"height\":46},{\"@type\":\"BreadcrumbList\",\"@id\":\"https:\/\/www.trommel-workshops.de\/teamevents\/bodypercussion-workshop-von-trommel-workshops-de\/#breadcrumb\",\"itemListElement\":[{\"@type\":\"ListItem\",\"position\":1,\"name\":\"Home\",\"item\":\"https:\/\/www.trommel-workshops.de\/teamevents\/\"},{\"@type\":\"ListItem\",\"position\":2,\"name\":\"Bodypercussion-workshop\"}]},{\"@type\":\"WebSite\",\"@id\":\"https:\/\/www.trommel-workshops.de\/teamevents\/#website\",\"url\":\"https:\/\/www.trommel-workshops.de\/teamevents\/\",\"name\":\"Trommel Workshops\",\"description\":\"Djembe-Trommeln, Bodypercussion, Dinnerworkshops und Teamtrommeln\",\"publisher\":{\"@id\":\"https:\/\/www.trommel-workshops.de\/teamevents\/#organization\"},\"potentialAction\":[{\"@type\":\"SearchAction\",\"target\":{\"@type\":\"EntryPoint\",\"urlTemplate\":\"https:\/\/www.trommel-workshops.de\/teamevents\/?s={search_term_string}\"},\"query-input\":{\"@type\":\"PropertyValueSpecification\",\"valueRequired\":true,\"valueName\":\"search_term_string\"}}],\"inLanguage\":\"nl-NL\"},{\"@type\":\"Organization\",\"@id\":\"https:\/\/www.trommel-workshops.de\/teamevents\/#organization\",\"name\":\"Anitya, training en advies VOF\",\"url\":\"https:\/\/www.trommel-workshops.de\/teamevents\/\",\"logo\":{\"@type\":\"ImageObject\",\"inLanguage\":\"nl-NL\",\"@id\":\"https:\/\/www.trommel-workshops.de\/teamevents\/#\/schema\/logo\/image\/\",\"url\":\"https:\/\/www.trommel-workshops.de\/teamevents\/wp-content\/uploads\/2016\/02\/Die-Trommelenden-Hollander_Tag_Logo.png\",\"contentUrl\":\"https:\/\/www.trommel-workshops.de\/teamevents\/wp-content\/uploads\/2016\/02\/Die-Trommelenden-Hollander_Tag_Logo.png\",\"width\":1512,\"height\":459,\"caption\":\"Anitya, training en advies VOF\"},\"image\":{\"@id\":\"https:\/\/www.trommel-workshops.de\/teamevents\/#\/schema\/logo\/image\/\"}}]}<\/script>\n<!-- \/ Yoast SEO plugin. -->","yoast_head_json":{"title":"bodypercussion-workshop von Trommel-Workshops.de","description":"Body-Percussion wirkt wie eine Vitaminspritze f\u00fcr Ihre Gruppe. Bodypercussion spricht alle an, bildet die Gruppensynergien und setzt frei.","robots":{"index":"index","follow":"follow","max-snippet":"max-snippet:-1","max-image-preview":"max-image-preview:large","max-video-preview":"max-video-preview:-1"},"canonical":"https:\/\/www.trommel-workshops.de\/teamevents\/bodypercussion-workshop-von-trommel-workshops-de\/","og_locale":"nl_NL","og_type":"article","og_title":"bodypercussion-workshop von Trommel-Workshops.de","og_description":"Body-Percussion wirkt wie eine Vitaminspritze f\u00fcr Ihre Gruppe. Bodypercussion spricht alle an, bildet die Gruppensynergien und setzt frei.","og_url":"https:\/\/www.trommel-workshops.de\/teamevents\/bodypercussion-workshop-von-trommel-workshops-de\/","og_site_name":"Trommel Workshops","article_modified_time":"2017-02-10T10:39:07+00:00","og_image":[{"url":"http:\/\/www.trommel-workshops.de\/teamevents\/wp-content\/uploads\/2016\/02\/button.png","type":"","width":"","height":""}],"twitter_card":"summary_large_image","twitter_misc":{"Geschatte leestijd":"1 minuut"},"schema":{"@context":"https:\/\/schema.org","@graph":[{"@type":"WebPage","@id":"https:\/\/www.trommel-workshops.de\/teamevents\/bodypercussion-workshop-von-trommel-workshops-de\/","url":"https:\/\/www.trommel-workshops.de\/teamevents\/bodypercussion-workshop-von-trommel-workshops-de\/","name":"bodypercussion-workshop von Trommel-Workshops.de","isPartOf":{"@id":"https:\/\/www.trommel-workshops.de\/teamevents\/#website"},"primaryImageOfPage":{"@id":"https:\/\/www.trommel-workshops.de\/teamevents\/bodypercussion-workshop-von-trommel-workshops-de\/#primaryimage"},"image":{"@id":"https:\/\/www.trommel-workshops.de\/teamevents\/bodypercussion-workshop-von-trommel-workshops-de\/#primaryimage"},"thumbnailUrl":"http:\/\/www.trommel-workshops.de\/teamevents\/wp-content\/uploads\/2016\/02\/button.png","datePublished":"2016-02-03T16:26:56+00:00","dateModified":"2017-02-10T10:39:07+00:00","description":"Body-Percussion wirkt wie eine Vitaminspritze f\u00fcr Ihre Gruppe. Bodypercussion spricht alle an, bildet die Gruppensynergien und setzt frei.","breadcrumb":{"@id":"https:\/\/www.trommel-workshops.de\/teamevents\/bodypercussion-workshop-von-trommel-workshops-de\/#breadcrumb"},"inLanguage":"nl-NL","potentialAction":[{"@type":"ReadAction","target":["https:\/\/www.trommel-workshops.de\/teamevents\/bodypercussion-workshop-von-trommel-workshops-de\/"]}]},{"@type":"ImageObject","inLanguage":"nl-NL","@id":"https:\/\/www.trommel-workshops.de\/teamevents\/bodypercussion-workshop-von-trommel-workshops-de\/#primaryimage","url":"https:\/\/www.trommel-workshops.de\/teamevents\/wp-content\/uploads\/2016\/02\/button.png","contentUrl":"https:\/\/www.trommel-workshops.de\/teamevents\/wp-content\/uploads\/2016\/02\/button.png","width":506,"height":46},{"@type":"BreadcrumbList","@id":"https:\/\/www.trommel-workshops.de\/teamevents\/bodypercussion-workshop-von-trommel-workshops-de\/#breadcrumb","itemListElement":[{"@type":"ListItem","position":1,"name":"Home","item":"https:\/\/www.trommel-workshops.de\/teamevents\/"},{"@type":"ListItem","position":2,"name":"Bodypercussion-workshop"}]},{"@type":"WebSite","@id":"https:\/\/www.trommel-workshops.de\/teamevents\/#website","url":"https:\/\/www.trommel-workshops.de\/teamevents\/","name":"Trommel Workshops","description":"Djembe-Trommeln, Bodypercussion, Dinnerworkshops und Teamtrommeln","publisher":{"@id":"https:\/\/www.trommel-workshops.de\/teamevents\/#organization"},"potentialAction":[{"@type":"SearchAction","target":{"@type":"EntryPoint","urlTemplate":"https:\/\/www.trommel-workshops.de\/teamevents\/?s={search_term_string}"},"query-input":{"@type":"PropertyValueSpecification","valueRequired":true,"valueName":"search_term_string"}}],"inLanguage":"nl-NL"},{"@type":"Organization","@id":"https:\/\/www.trommel-workshops.de\/teamevents\/#organization","name":"Anitya, training en advies VOF","url":"https:\/\/www.trommel-workshops.de\/teamevents\/","logo":{"@type":"ImageObject","inLanguage":"nl-NL","@id":"https:\/\/www.trommel-workshops.de\/teamevents\/#\/schema\/logo\/image\/","url":"https:\/\/www.trommel-workshops.de\/teamevents\/wp-content\/uploads\/2016\/02\/Die-Trommelenden-Hollander_Tag_Logo.png","contentUrl":"https:\/\/www.trommel-workshops.de\/teamevents\/wp-content\/uploads\/2016\/02\/Die-Trommelenden-Hollander_Tag_Logo.png","width":1512,"height":459,"caption":"Anitya, training en advies VOF"},"image":{"@id":"https:\/\/www.trommel-workshops.de\/teamevents\/#\/schema\/logo\/image\/"}}]}},"_links":{"self":[{"href":"https:\/\/www.trommel-workshops.de\/teamevents\/wp-json\/wp\/v2\/pages\/51","targetHints":{"allow":["GET"]}}],"collection":[{"href":"https:\/\/www.trommel-workshops.de\/teamevents\/wp-json\/wp\/v2\/pages"}],"about":[{"href":"https:\/\/www.trommel-workshops.de\/teamevents\/wp-json\/wp\/v2\/types\/page"}],"author":[{"embeddable":true,"href":"https:\/\/www.trommel-workshops.de\/teamevents\/wp-json\/wp\/v2\/users\/1"}],"replies":[{"embeddable":true,"href":"https:\/\/www.trommel-workshops.de\/teamevents\/wp-json\/wp\/v2\/comments?post=51"}],"version-history":[{"count":0,"href":"https:\/\/www.trommel-workshops.de\/teamevents\/wp-json\/wp\/v2\/pages\/51\/revisions"}],"wp:attachment":[{"href":"https:\/\/www.trommel-workshops.de\/teamevents\/wp-json\/wp\/v2\/media?parent=51"}],"curies":[{"name":"wp","href":"https:\/\/api.w.org\/{rel}","templated":true}]}}