{"id":36,"date":"2016-02-03T17:19:04","date_gmt":"2016-02-03T16:19:04","guid":{"rendered":"http:\/\/www.trommel-workshops.de\/teamevents\/?page_id=36"},"modified":"2017-02-15T13:27:50","modified_gmt":"2017-02-15T12:27:50","slug":"djembe-und-trommel-workshops-seit-1998","status":"publish","type":"page","link":"https:\/\/www.trommel-workshops.de\/teamevents\/djembe-und-trommel-workshops-seit-1998\/","title":{"rendered":"\u00fcber uns"},"content":{"rendered":"<h1>Wer sind wir? Firmenprofil Trommel-Workshops.de<\/h1>\n<div id=\"metaslider-id-231\" style=\"max-width: 700px;\" class=\"ml-slider-3-106-0 metaslider metaslider-flex metaslider-231 ml-slider ms-theme-default nav-hidden\" role=\"region\" aria-label=\"uberuns\" data-height=\"300\" data-width=\"700\">\n    <div id=\"metaslider_container_231\">\n        <div id=\"metaslider_231\">\n            <ul class='slides'>\n                <li style=\"display: block; width: 100%;\" class=\"slide-146 ms-image \" aria-roledescription=\"slide\" data-date=\"2016-11-04 17:06:21\" data-filename=\"slidersmall17-641x275.jpg\" data-slide-type=\"image\"><img loading=\"lazy\" decoding=\"async\" src=\"https:\/\/www.trommel-workshops.de\/teamevents\/wp-content\/uploads\/2016\/02\/slidersmall17-641x275.jpg\" height=\"300\" width=\"700\" alt=\"\" class=\"slider-231 slide-146 msDefaultImage\" \/><\/li>\n                <li style=\"display: none; width: 100%;\" class=\"slide-162 ms-image \" aria-roledescription=\"slide\" data-date=\"2016-11-04 17:06:55\" data-filename=\"slidesmall8-641x275.jpg\" data-slide-type=\"image\"><img loading=\"lazy\" decoding=\"async\" src=\"https:\/\/www.trommel-workshops.de\/teamevents\/wp-content\/uploads\/2016\/02\/slidesmall8-641x275.jpg\" height=\"300\" width=\"700\" alt=\"\" class=\"slider-231 slide-162 msDefaultImage\" \/><\/li>\n                <li style=\"display: none; width: 100%;\" class=\"slide-12 ms-image \" aria-roledescription=\"slide\" data-date=\"2016-02-02 19:40:39\" data-filename=\"trommelendemannen-nw-700x300.jpg\" data-slide-type=\"image\"><img loading=\"lazy\" decoding=\"async\" src=\"https:\/\/www.trommel-workshops.de\/teamevents\/wp-content\/uploads\/2016\/02\/trommelendemannen-nw-700x300.jpg\" height=\"300\" width=\"700\" alt=\"\" class=\"slider-231 slide-12 msDefaultImage\" \/><\/li>\n                <li style=\"display: none; width: 100%;\" class=\"slide-184 ms-image \" aria-roledescription=\"slide\" data-date=\"2016-11-04 17:09:13\" data-filename=\"01-700x300.jpg\" data-slide-type=\"image\"><img loading=\"lazy\" decoding=\"async\" src=\"https:\/\/www.trommel-workshops.de\/teamevents\/wp-content\/uploads\/2016\/02\/01-700x300.jpg\" height=\"300\" width=\"700\" alt=\"\" class=\"slider-231 slide-184 msDefaultImage\" \/><\/li>\n            <\/ul>\n        <\/div>\n        \n    <\/div>\n<\/div>\n<p>&nbsp;<\/p>\n<h2>Djembe- und Trommel-Workshops seit 1998<\/h2>\n<p>Wir versorgen seit mehr als 18 Jahren f\u00fcr qualitativ hochwertige Trommelworkshops. Qualit\u00e4t und ein gutes Ergebnis sind f\u00fcr uns ebenso wichtig wie Humor und das Schaffen einer guten Atmosph\u00e4re.<\/p>\n<p>&nbsp;<\/p>\n<h2>Wir wissen jede Gruppe zu begeistern<\/h2>\n<p>Wir haben die besten Workshop-Leiter, die jede Gruppe zu begeistern wissen. Sie tun dies seit vielen Jahren mit unerm\u00fcdlicher Motivation. Jeden Workshop machen sie so zu einem einzigartigen Erlebnis. Die Anzahl der jeweils eingesetzten Workshop-Leiter h\u00e4ngt von der Gruppengr\u00f6\u00dfe ab.<\/p>\n<p>&nbsp;<\/p>\n<h2>Workshops vor Ort und ohne Aufwand f\u00fcr Sie<\/h2>\n<p>Wir sorgen f\u00fcr die Vorbereitungen, d.h. wir bringen die Percussionsinstrumente mit und k\u00fcmmern uns um das Aufstellen sowie das Abr\u00e4umen. Grunds\u00e4tzlich brauchen Sie keine Trommeln zu organisieren oder zu transportieren, das spart Ihnen viel Aufwand.<\/p>\n<p>&nbsp;<\/p>\n<h2>Percussion f\u00fcr bis zu 300 Personen<\/h2>\n<p>Die Teilnehmerzahl unserer Workshops variiert von 10 bis 300 Personen. Die Anzahl der Workshop-Leiter passen wir entsprechend an. Gr\u00f6\u00dfere Gruppen auf Anfrage. Wir arbeiten vor Ort in ganz Deutschland.<\/p>\n<p>&nbsp;<\/p>\n<blockquote>\n<h2>Geleitet von Enrique, Musiker und Trainer<\/h2>\n<h2><a href=\"http:\/\/www.nederlandtrommelt.nl\/wp-content\/uploads\/2015\/09\/enrique3.jpg\"><img loading=\"lazy\" decoding=\"async\" class=\"wp-image-834 alignright\" src=\"http:\/\/www.nederlandtrommelt.nl\/wp-content\/uploads\/2015\/09\/enrique3-300x196.jpg\" alt=\"\" width=\"200\" height=\"131\" \/><\/a><\/h2>\n<p>Trommel-Workshops.de ist Teil von Anitya V.O.F. geleitet von Enrique van Doezelaar. Er ist Musiker, Trainer und Workshopleiter, geboren in der Karib und jetzt in Nimwegen, Niederlande, ans\u00e4ssig. Seit 20\u00a0Jahren spielt er afrikanische Percussion und tanzt afrikanischen Tanz,\u00a0Salsa und Tango argentino.<\/p>\n<p>&nbsp;<\/p><\/blockquote>\n<p>&nbsp;<\/p>\n<h2>\u00a0<a href=\"http:\/\/www.trommel-workshops.de\/teamevents\/anfrage-workshops-trommeln-dinnerworkshops-bypercussion-afrikanisch-tanzen\/\"><img loading=\"lazy\" decoding=\"async\" class=\"alignnone wp-image-66 size-full\" src=\"http:\/\/www.trommel-workshops.de\/teamevents\/wp-content\/uploads\/2016\/02\/button.png\" alt=\"Angebot f\u00fcr Trommelworkshop anfragen\" width=\"506\" height=\"46\" srcset=\"https:\/\/www.trommel-workshops.de\/teamevents\/wp-content\/uploads\/2016\/02\/button.png 506w, https:\/\/www.trommel-workshops.de\/teamevents\/wp-content\/uploads\/2016\/02\/button-300x27.png 300w\" sizes=\"auto, (max-width: 506px) 100vw, 506px\" \/><\/a><\/h2>\n<h2><\/h2>\n<p>&nbsp;<\/p>\n","protected":false},"excerpt":{"rendered":"<p>Wer sind wir? Firmenprofil Trommel-Workshops.de &nbsp; Djembe- und Trommel-Workshops seit 1998 Wir versorgen seit mehr als 18 Jahren f\u00fcr qualitativ hochwertige Trommelworkshops. Qualit\u00e4t und ein gutes Ergebnis sind f\u00fcr uns&#8230; <\/p>\n","protected":false},"author":1,"featured_media":0,"parent":0,"menu_order":0,"comment_status":"closed","ping_status":"closed","template":"page-left.php","meta":{"footnotes":""},"class_list":["post-36","page","type-page","status-publish","hentry"],"yoast_head":"<!-- This site is optimized with the Yoast SEO plugin v27.1.1 - https:\/\/yoast.com\/product\/yoast-seo-wordpress\/ -->\n<title>uber-uns Djembe- und Trommel-Workshops seit 18 Jahre<\/title>\n<meta name=\"description\" content=\"Wir versorgen seit mehr als 18 Jahren Trommel-Workshops. Qualit\u00e4t und ein gutes Ergebnis sind f\u00fcr uns ebenso wichtig wie humorvolles Arbeiten.\" \/>\n<meta name=\"robots\" content=\"index, follow, max-snippet:-1, max-image-preview:large, max-video-preview:-1\" \/>\n<link rel=\"canonical\" href=\"https:\/\/www.trommel-workshops.de\/teamevents\/djembe-und-trommel-workshops-seit-1998\/\" \/>\n<meta property=\"og:locale\" content=\"nl_NL\" \/>\n<meta property=\"og:type\" content=\"article\" \/>\n<meta property=\"og:title\" content=\"uber-uns Djembe- und Trommel-Workshops seit 18 Jahre\" \/>\n<meta property=\"og:description\" content=\"Wir versorgen seit mehr als 18 Jahren Trommel-Workshops. Qualit\u00e4t und ein gutes Ergebnis sind f\u00fcr uns ebenso wichtig wie humorvolles Arbeiten.\" \/>\n<meta property=\"og:url\" content=\"https:\/\/www.trommel-workshops.de\/teamevents\/djembe-und-trommel-workshops-seit-1998\/\" \/>\n<meta property=\"og:site_name\" content=\"Trommel Workshops\" \/>\n<meta property=\"article:modified_time\" content=\"2017-02-15T12:27:50+00:00\" \/>\n<meta property=\"og:image\" content=\"http:\/\/www.nederlandtrommelt.nl\/wp-content\/uploads\/2015\/09\/enrique3-300x196.jpg\" \/>\n<meta name=\"twitter:card\" content=\"summary_large_image\" \/>\n<meta name=\"twitter:label1\" content=\"Geschatte leestijd\" \/>\n\t<meta name=\"twitter:data1\" content=\"1 minuut\" \/>\n<script type=\"application\/ld+json\" class=\"yoast-schema-graph\">{\"@context\":\"https:\/\/schema.org\",\"@graph\":[{\"@type\":\"WebPage\",\"@id\":\"https:\/\/www.trommel-workshops.de\/teamevents\/djembe-und-trommel-workshops-seit-1998\/\",\"url\":\"https:\/\/www.trommel-workshops.de\/teamevents\/djembe-und-trommel-workshops-seit-1998\/\",\"name\":\"uber-uns Djembe- und Trommel-Workshops seit 18 Jahre\",\"isPartOf\":{\"@id\":\"https:\/\/www.trommel-workshops.de\/teamevents\/#website\"},\"primaryImageOfPage\":{\"@id\":\"https:\/\/www.trommel-workshops.de\/teamevents\/djembe-und-trommel-workshops-seit-1998\/#primaryimage\"},\"image\":{\"@id\":\"https:\/\/www.trommel-workshops.de\/teamevents\/djembe-und-trommel-workshops-seit-1998\/#primaryimage\"},\"thumbnailUrl\":\"http:\/\/www.nederlandtrommelt.nl\/wp-content\/uploads\/2015\/09\/enrique3-300x196.jpg\",\"datePublished\":\"2016-02-03T16:19:04+00:00\",\"dateModified\":\"2017-02-15T12:27:50+00:00\",\"description\":\"Wir versorgen seit mehr als 18 Jahren Trommel-Workshops. Qualit\u00e4t und ein gutes Ergebnis sind f\u00fcr uns ebenso wichtig wie humorvolles Arbeiten.\",\"breadcrumb\":{\"@id\":\"https:\/\/www.trommel-workshops.de\/teamevents\/djembe-und-trommel-workshops-seit-1998\/#breadcrumb\"},\"inLanguage\":\"nl-NL\",\"potentialAction\":[{\"@type\":\"ReadAction\",\"target\":[\"https:\/\/www.trommel-workshops.de\/teamevents\/djembe-und-trommel-workshops-seit-1998\/\"]}]},{\"@type\":\"ImageObject\",\"inLanguage\":\"nl-NL\",\"@id\":\"https:\/\/www.trommel-workshops.de\/teamevents\/djembe-und-trommel-workshops-seit-1998\/#primaryimage\",\"url\":\"http:\/\/www.nederlandtrommelt.nl\/wp-content\/uploads\/2015\/09\/enrique3-300x196.jpg\",\"contentUrl\":\"http:\/\/www.nederlandtrommelt.nl\/wp-content\/uploads\/2015\/09\/enrique3-300x196.jpg\"},{\"@type\":\"BreadcrumbList\",\"@id\":\"https:\/\/www.trommel-workshops.de\/teamevents\/djembe-und-trommel-workshops-seit-1998\/#breadcrumb\",\"itemListElement\":[{\"@type\":\"ListItem\",\"position\":1,\"name\":\"Home\",\"item\":\"https:\/\/www.trommel-workshops.de\/teamevents\/\"},{\"@type\":\"ListItem\",\"position\":2,\"name\":\"\u00fcber uns\"}]},{\"@type\":\"WebSite\",\"@id\":\"https:\/\/www.trommel-workshops.de\/teamevents\/#website\",\"url\":\"https:\/\/www.trommel-workshops.de\/teamevents\/\",\"name\":\"Trommel Workshops\",\"description\":\"Djembe-Trommeln, Bodypercussion, Dinnerworkshops und Teamtrommeln\",\"publisher\":{\"@id\":\"https:\/\/www.trommel-workshops.de\/teamevents\/#organization\"},\"potentialAction\":[{\"@type\":\"SearchAction\",\"target\":{\"@type\":\"EntryPoint\",\"urlTemplate\":\"https:\/\/www.trommel-workshops.de\/teamevents\/?s={search_term_string}\"},\"query-input\":{\"@type\":\"PropertyValueSpecification\",\"valueRequired\":true,\"valueName\":\"search_term_string\"}}],\"inLanguage\":\"nl-NL\"},{\"@type\":\"Organization\",\"@id\":\"https:\/\/www.trommel-workshops.de\/teamevents\/#organization\",\"name\":\"Anitya, training en advies VOF\",\"url\":\"https:\/\/www.trommel-workshops.de\/teamevents\/\",\"logo\":{\"@type\":\"ImageObject\",\"inLanguage\":\"nl-NL\",\"@id\":\"https:\/\/www.trommel-workshops.de\/teamevents\/#\/schema\/logo\/image\/\",\"url\":\"https:\/\/www.trommel-workshops.de\/teamevents\/wp-content\/uploads\/2016\/02\/Die-Trommelenden-Hollander_Tag_Logo.png\",\"contentUrl\":\"https:\/\/www.trommel-workshops.de\/teamevents\/wp-content\/uploads\/2016\/02\/Die-Trommelenden-Hollander_Tag_Logo.png\",\"width\":1512,\"height\":459,\"caption\":\"Anitya, training en advies VOF\"},\"image\":{\"@id\":\"https:\/\/www.trommel-workshops.de\/teamevents\/#\/schema\/logo\/image\/\"}}]}<\/script>\n<!-- \/ Yoast SEO plugin. -->","yoast_head_json":{"title":"uber-uns Djembe- und Trommel-Workshops seit 18 Jahre","description":"Wir versorgen seit mehr als 18 Jahren Trommel-Workshops. Qualit\u00e4t und ein gutes Ergebnis sind f\u00fcr uns ebenso wichtig wie humorvolles Arbeiten.","robots":{"index":"index","follow":"follow","max-snippet":"max-snippet:-1","max-image-preview":"max-image-preview:large","max-video-preview":"max-video-preview:-1"},"canonical":"https:\/\/www.trommel-workshops.de\/teamevents\/djembe-und-trommel-workshops-seit-1998\/","og_locale":"nl_NL","og_type":"article","og_title":"uber-uns Djembe- und Trommel-Workshops seit 18 Jahre","og_description":"Wir versorgen seit mehr als 18 Jahren Trommel-Workshops. Qualit\u00e4t und ein gutes Ergebnis sind f\u00fcr uns ebenso wichtig wie humorvolles Arbeiten.","og_url":"https:\/\/www.trommel-workshops.de\/teamevents\/djembe-und-trommel-workshops-seit-1998\/","og_site_name":"Trommel Workshops","article_modified_time":"2017-02-15T12:27:50+00:00","og_image":[{"url":"http:\/\/www.nederlandtrommelt.nl\/wp-content\/uploads\/2015\/09\/enrique3-300x196.jpg","type":"","width":"","height":""}],"twitter_card":"summary_large_image","twitter_misc":{"Geschatte leestijd":"1 minuut"},"schema":{"@context":"https:\/\/schema.org","@graph":[{"@type":"WebPage","@id":"https:\/\/www.trommel-workshops.de\/teamevents\/djembe-und-trommel-workshops-seit-1998\/","url":"https:\/\/www.trommel-workshops.de\/teamevents\/djembe-und-trommel-workshops-seit-1998\/","name":"uber-uns Djembe- und Trommel-Workshops seit 18 Jahre","isPartOf":{"@id":"https:\/\/www.trommel-workshops.de\/teamevents\/#website"},"primaryImageOfPage":{"@id":"https:\/\/www.trommel-workshops.de\/teamevents\/djembe-und-trommel-workshops-seit-1998\/#primaryimage"},"image":{"@id":"https:\/\/www.trommel-workshops.de\/teamevents\/djembe-und-trommel-workshops-seit-1998\/#primaryimage"},"thumbnailUrl":"http:\/\/www.nederlandtrommelt.nl\/wp-content\/uploads\/2015\/09\/enrique3-300x196.jpg","datePublished":"2016-02-03T16:19:04+00:00","dateModified":"2017-02-15T12:27:50+00:00","description":"Wir versorgen seit mehr als 18 Jahren Trommel-Workshops. Qualit\u00e4t und ein gutes Ergebnis sind f\u00fcr uns ebenso wichtig wie humorvolles Arbeiten.","breadcrumb":{"@id":"https:\/\/www.trommel-workshops.de\/teamevents\/djembe-und-trommel-workshops-seit-1998\/#breadcrumb"},"inLanguage":"nl-NL","potentialAction":[{"@type":"ReadAction","target":["https:\/\/www.trommel-workshops.de\/teamevents\/djembe-und-trommel-workshops-seit-1998\/"]}]},{"@type":"ImageObject","inLanguage":"nl-NL","@id":"https:\/\/www.trommel-workshops.de\/teamevents\/djembe-und-trommel-workshops-seit-1998\/#primaryimage","url":"http:\/\/www.nederlandtrommelt.nl\/wp-content\/uploads\/2015\/09\/enrique3-300x196.jpg","contentUrl":"http:\/\/www.nederlandtrommelt.nl\/wp-content\/uploads\/2015\/09\/enrique3-300x196.jpg"},{"@type":"BreadcrumbList","@id":"https:\/\/www.trommel-workshops.de\/teamevents\/djembe-und-trommel-workshops-seit-1998\/#breadcrumb","itemListElement":[{"@type":"ListItem","position":1,"name":"Home","item":"https:\/\/www.trommel-workshops.de\/teamevents\/"},{"@type":"ListItem","position":2,"name":"\u00fcber uns"}]},{"@type":"WebSite","@id":"https:\/\/www.trommel-workshops.de\/teamevents\/#website","url":"https:\/\/www.trommel-workshops.de\/teamevents\/","name":"Trommel Workshops","description":"Djembe-Trommeln, Bodypercussion, Dinnerworkshops und Teamtrommeln","publisher":{"@id":"https:\/\/www.trommel-workshops.de\/teamevents\/#organization"},"potentialAction":[{"@type":"SearchAction","target":{"@type":"EntryPoint","urlTemplate":"https:\/\/www.trommel-workshops.de\/teamevents\/?s={search_term_string}"},"query-input":{"@type":"PropertyValueSpecification","valueRequired":true,"valueName":"search_term_string"}}],"inLanguage":"nl-NL"},{"@type":"Organization","@id":"https:\/\/www.trommel-workshops.de\/teamevents\/#organization","name":"Anitya, training en advies VOF","url":"https:\/\/www.trommel-workshops.de\/teamevents\/","logo":{"@type":"ImageObject","inLanguage":"nl-NL","@id":"https:\/\/www.trommel-workshops.de\/teamevents\/#\/schema\/logo\/image\/","url":"https:\/\/www.trommel-workshops.de\/teamevents\/wp-content\/uploads\/2016\/02\/Die-Trommelenden-Hollander_Tag_Logo.png","contentUrl":"https:\/\/www.trommel-workshops.de\/teamevents\/wp-content\/uploads\/2016\/02\/Die-Trommelenden-Hollander_Tag_Logo.png","width":1512,"height":459,"caption":"Anitya, training en advies VOF"},"image":{"@id":"https:\/\/www.trommel-workshops.de\/teamevents\/#\/schema\/logo\/image\/"}}]}},"_links":{"self":[{"href":"https:\/\/www.trommel-workshops.de\/teamevents\/wp-json\/wp\/v2\/pages\/36","targetHints":{"allow":["GET"]}}],"collection":[{"href":"https:\/\/www.trommel-workshops.de\/teamevents\/wp-json\/wp\/v2\/pages"}],"about":[{"href":"https:\/\/www.trommel-workshops.de\/teamevents\/wp-json\/wp\/v2\/types\/page"}],"author":[{"embeddable":true,"href":"https:\/\/www.trommel-workshops.de\/teamevents\/wp-json\/wp\/v2\/users\/1"}],"replies":[{"embeddable":true,"href":"https:\/\/www.trommel-workshops.de\/teamevents\/wp-json\/wp\/v2\/comments?post=36"}],"version-history":[{"count":0,"href":"https:\/\/www.trommel-workshops.de\/teamevents\/wp-json\/wp\/v2\/pages\/36\/revisions"}],"wp:attachment":[{"href":"https:\/\/www.trommel-workshops.de\/teamevents\/wp-json\/wp\/v2\/media?parent=36"}],"curies":[{"name":"wp","href":"https:\/\/api.w.org\/{rel}","templated":true}]}}