{"id":28,"date":"2016-02-03T17:14:35","date_gmt":"2016-02-03T16:14:35","guid":{"rendered":"http:\/\/www.trommel-workshops.de\/teamevents\/?page_id=28"},"modified":"2017-02-10T11:38:05","modified_gmt":"2017-02-10T10:38:05","slug":"teamentwicklung-und-teambuilding-workshops-mit-djembe-trommeln","status":"publish","type":"page","link":"https:\/\/www.trommel-workshops.de\/teamevents\/teamentwicklung-und-teambuilding-workshops-mit-djembe-trommeln\/","title":{"rendered":"Teambuilding-Trommel-Workshops"},"content":{"rendered":"<h1>Teamentwicklung mit Djembe\u00a0Trommeln<\/h1>\n<div id=\"metaslider-id-228\" style=\"max-width: 700px;\" class=\"ml-slider-3-106-0 metaslider metaslider-flex metaslider-228 ml-slider ms-theme-default nav-hidden\" role=\"region\" aria-label=\"Teamentwicklung\" data-height=\"300\" data-width=\"700\">\n    <div id=\"metaslider_container_228\">\n        <div id=\"metaslider_228\">\n            <ul class='slides'>\n                <li style=\"display: block; width: 100%;\" class=\"slide-146 ms-image \" aria-roledescription=\"slide\" data-date=\"2016-11-04 17:06:21\" data-filename=\"slidersmall17-641x275.jpg\" data-slide-type=\"image\"><img loading=\"lazy\" decoding=\"async\" src=\"https:\/\/www.trommel-workshops.de\/teamevents\/wp-content\/uploads\/2016\/02\/slidersmall17-641x275.jpg\" height=\"300\" width=\"700\" alt=\"\" class=\"slider-228 slide-146 msDefaultImage\" \/><\/li>\n                <li style=\"display: none; width: 100%;\" class=\"slide-154 ms-image \" aria-roledescription=\"slide\" data-date=\"2016-11-04 17:06:41\" data-filename=\"slidesmall-641x275.jpg\" data-slide-type=\"image\"><img loading=\"lazy\" decoding=\"async\" src=\"https:\/\/www.trommel-workshops.de\/teamevents\/wp-content\/uploads\/2016\/02\/slidesmall-641x275.jpg\" height=\"300\" width=\"700\" alt=\"\" class=\"slider-228 slide-154 msDefaultImage\" \/><\/li>\n                <li style=\"display: none; width: 100%;\" class=\"slide-160 ms-image \" aria-roledescription=\"slide\" data-date=\"2016-11-04 17:06:52\" data-filename=\"slidesmall6-641x275.jpg\" data-slide-type=\"image\"><img loading=\"lazy\" decoding=\"async\" src=\"https:\/\/www.trommel-workshops.de\/teamevents\/wp-content\/uploads\/2016\/02\/slidesmall6-641x275.jpg\" height=\"300\" width=\"700\" alt=\"\" class=\"slider-228 slide-160 msDefaultImage\" \/><\/li>\n                <li style=\"display: none; width: 100%;\" class=\"slide-158 ms-image \" aria-roledescription=\"slide\" data-date=\"2016-11-04 17:06:50\" data-filename=\"slidesmall4-641x275.jpg\" data-slide-type=\"image\"><img loading=\"lazy\" decoding=\"async\" src=\"https:\/\/www.trommel-workshops.de\/teamevents\/wp-content\/uploads\/2016\/02\/slidesmall4-641x275.jpg\" height=\"300\" width=\"700\" alt=\"\" class=\"slider-228 slide-158 msDefaultImage\" \/><\/li>\n                <li style=\"display: none; width: 100%;\" class=\"slide-161 ms-image \" aria-roledescription=\"slide\" data-date=\"2016-11-04 17:06:54\" data-filename=\"slidesmall7-641x275.jpg\" data-slide-type=\"image\"><img loading=\"lazy\" decoding=\"async\" src=\"https:\/\/www.trommel-workshops.de\/teamevents\/wp-content\/uploads\/2016\/02\/slidesmall7-641x275.jpg\" height=\"300\" width=\"700\" alt=\"\" class=\"slider-228 slide-161 msDefaultImage\" \/><\/li>\n                <li style=\"display: none; width: 100%;\" class=\"slide-165 ms-image \" aria-roledescription=\"slide\" data-date=\"2016-11-04 17:07:06\" data-filename=\"slidesmall12-641x275.jpg\" data-slide-type=\"image\"><img loading=\"lazy\" decoding=\"async\" src=\"https:\/\/www.trommel-workshops.de\/teamevents\/wp-content\/uploads\/2016\/02\/slidesmall12-641x275.jpg\" height=\"300\" width=\"700\" alt=\"\" class=\"slider-228 slide-165 msDefaultImage\" \/><\/li>\n                <li style=\"display: none; width: 100%;\" class=\"slide-141 ms-image \" aria-roledescription=\"slide\" data-date=\"2016-11-04 17:06:07\" data-filename=\"slidersmall13-641x275.jpg\" data-slide-type=\"image\"><img loading=\"lazy\" decoding=\"async\" src=\"https:\/\/www.trommel-workshops.de\/teamevents\/wp-content\/uploads\/2016\/02\/slidersmall13-641x275.jpg\" height=\"300\" width=\"700\" alt=\"\" class=\"slider-228 slide-141 msDefaultImage\" \/><\/li>\n            <\/ul>\n        <\/div>\n        \n    <\/div>\n<\/div>\n<p>&nbsp;<\/p>\n<p><a href=\"http:\/\/www.trommel-workshops.de\/teamevents\/anfrage-workshops-trommeln-dinnerworkshops-bypercussion-afrikanisch-tanzen\/\" rel=\"attachment wp-att-66\"><img loading=\"lazy\" decoding=\"async\" class=\"alignnone wp-image-66 size-full\" src=\"http:\/\/www.trommel-workshops.de\/teamevents\/wp-content\/uploads\/2016\/02\/button.png\" alt=\"Angebot f\u00fcr Trommelworkshop anfragen\" width=\"506\" height=\"46\" srcset=\"https:\/\/www.trommel-workshops.de\/teamevents\/wp-content\/uploads\/2016\/02\/button.png 506w, https:\/\/www.trommel-workshops.de\/teamevents\/wp-content\/uploads\/2016\/02\/button-300x27.png 300w\" sizes=\"auto, (max-width: 506px) 100vw, 506px\" \/><\/a><\/p>\n<p>&nbsp;<\/p>\n<blockquote><p>Tipp der Woche:\u00a0<a href=\"http:\/\/www.trommel-workshops.de\/teamevents\/dinnerworkshop-trommeln\/\">Drum-n-dinner <\/a>Nehmen Sie an einem Djembeworkshop rund um Ihr Men\u00fc oder Buffet teil! Ein vielversprechender Abend f\u00fcr Ihr Team und Ihre G\u00e4ste.<\/p><\/blockquote>\n<h2><\/h2>\n<h2>Djembe-Trommel-Workshops f\u00fcr Betriebsausfl\u00fcge<\/h2>\n<h2>Energiegeladen Abend mit afrikanischen Djembe<\/h2>\n<p>Jeder kann mitmachen. Gemeinsam Djembe zu spielen schafft schnell eine angenehme Atmosph\u00e4re und st\u00e4rkt den Teamgeist. Vorerfahrung ist nicht erforderlich. Unsere professionellen Workshop-Leiter machen Ihren Betriebsausflug zu einem energiereichen Erlebnis, bei dem die Funken nur so spr\u00fchen.<\/p>\n<p>&nbsp;<\/p>\n<h2>Teamentwicklung oder Betriebsausflug mit Djembe<\/h2>\n<p>Trommeln auf der Djembe und das Spiel mit Percussion sind effiziente Instrumente der Teamentwicklung. Gemeinsam zu trommeln und zu musizieren f\u00f6rdert die Zusammenarbeit und st\u00e4rkt den Teamgeist. So wird ein Djembe Workshop zu einem unvergesslichen Erlebnis! Wir stehen f\u00fcr hohe Qualit\u00e4t und arbeiten nur mit erfahrenen Workshop-Leitern.<\/p>\n<p>&nbsp;<\/p>\n<h2>Djembe Percussion f\u00fcr bis zu 300\u00a0Personen<\/h2>\n<p>Die Teilnehmerzahl unserer <a href=\"http:\/\/www.trommel-workshops.de\/teamevents\/djembe-trommeln\/\">Djembeworkshop<\/a>\u00a0und teamentwicklung mit Djembe-Trommeln kann zwischen 10 und 300 Personen variieren. Die Anzahl der Workshop-Leiter wird entsprechend darauf abgestimmt. Wir arbeiten vor Ort in ganz Deutschland.<\/p>\n<p>&nbsp;<\/p>\n<h2>Unsere Workshops wurden bereits im Rahmen folgender Veranstaltungen gebucht:<\/h2>\n<p>Betriebsausfl\u00fcge, Teamentwicklung, Abschlussfeiern von Fort- oder Ausbildung, Seminare, Gesch\u00e4ftsreisen, Betriebsfeiern, Projekt-Meetings, Neujahrsempf\u00e4ngen, Fusionen, Reorganisationen, Affiliate-Programmen, Werbekampagnen, CD-Aufnahmen, Motivationsseminaren \u2013 und auch bei Familienfeiern, Festen unter Freunden, als Wochenendaktivit\u00e4t, bei Ausfl\u00fcgen, Geburtstagen und Hochzeiten.<\/p>\n<p>&nbsp;<\/p>\n<h2>Auftraggeber waren Hunderte von Organisationen und Gruppen:<\/h2>\n<p>Letzen Jahren haben wir in Deutschland f\u00fcr viele Unternehmen und Organizationen ua Deutsche Bahn, Ikea, New Energy\u00a0Services, Axa, OptaData GmbH, Henkel, Achmea, Thomas Cook, ING-Bank, Rabo-Bank, VDI, Polizei, Uka-Nord und viele kleine Unternehmen und private Gruppen Workshops versorgt.<\/p>\n<p>&nbsp;<\/p>\n","protected":false},"excerpt":{"rendered":"<p>Teamentwicklung mit Djembe\u00a0Trommeln &nbsp; &nbsp; Tipp der Woche:\u00a0Drum-n-dinner Nehmen Sie an einem Djembeworkshop rund um Ihr Men\u00fc oder Buffet teil! Ein vielversprechender Abend f\u00fcr Ihr Team und Ihre G\u00e4ste. Djembe-Trommel-Workshops&#8230; <\/p>\n","protected":false},"author":1,"featured_media":0,"parent":0,"menu_order":0,"comment_status":"closed","ping_status":"closed","template":"page-left.php","meta":{"footnotes":""},"class_list":["post-28","page","type-page","status-publish","hentry"],"yoast_head":"<!-- This site is optimized with the Yoast SEO plugin v27.1.1 - https:\/\/yoast.com\/product\/yoast-seo-wordpress\/ -->\n<title>Teamentwicklung-Workshops mit Djembe Trommeln und Dinnerpercussion<\/title>\n<meta name=\"description\" content=\"Trommeln und Percussion sind effiziente Instrumente der Teamentwicklung. Gemeinsam zu trommeln f\u00f6rdert die Zusammenarbeit und st\u00e4rkt den Teamgeist.\" \/>\n<meta name=\"robots\" content=\"index, follow, max-snippet:-1, max-image-preview:large, max-video-preview:-1\" \/>\n<link rel=\"canonical\" href=\"https:\/\/www.trommel-workshops.de\/teamevents\/teamentwicklung-und-teambuilding-workshops-mit-djembe-trommeln\/\" \/>\n<meta property=\"og:locale\" content=\"nl_NL\" \/>\n<meta property=\"og:type\" content=\"article\" \/>\n<meta property=\"og:title\" content=\"Teamentwicklung-Workshops mit Djembe Trommeln und Dinnerpercussion\" \/>\n<meta property=\"og:description\" content=\"Trommeln und Percussion sind effiziente Instrumente der Teamentwicklung. Gemeinsam zu trommeln f\u00f6rdert die Zusammenarbeit und st\u00e4rkt den Teamgeist.\" \/>\n<meta property=\"og:url\" content=\"https:\/\/www.trommel-workshops.de\/teamevents\/teamentwicklung-und-teambuilding-workshops-mit-djembe-trommeln\/\" \/>\n<meta property=\"og:site_name\" content=\"Trommel Workshops\" \/>\n<meta property=\"article:modified_time\" content=\"2017-02-10T10:38:05+00:00\" \/>\n<meta property=\"og:image\" content=\"http:\/\/www.trommel-workshops.de\/teamevents\/wp-content\/uploads\/2016\/02\/button.png\" \/>\n<meta name=\"twitter:card\" content=\"summary_large_image\" \/>\n<meta name=\"twitter:label1\" content=\"Geschatte leestijd\" \/>\n\t<meta name=\"twitter:data1\" content=\"1 minuut\" \/>\n<script type=\"application\/ld+json\" class=\"yoast-schema-graph\">{\"@context\":\"https:\/\/schema.org\",\"@graph\":[{\"@type\":\"WebPage\",\"@id\":\"https:\/\/www.trommel-workshops.de\/teamevents\/teamentwicklung-und-teambuilding-workshops-mit-djembe-trommeln\/\",\"url\":\"https:\/\/www.trommel-workshops.de\/teamevents\/teamentwicklung-und-teambuilding-workshops-mit-djembe-trommeln\/\",\"name\":\"Teamentwicklung-Workshops mit Djembe Trommeln und Dinnerpercussion\",\"isPartOf\":{\"@id\":\"https:\/\/www.trommel-workshops.de\/teamevents\/#website\"},\"primaryImageOfPage\":{\"@id\":\"https:\/\/www.trommel-workshops.de\/teamevents\/teamentwicklung-und-teambuilding-workshops-mit-djembe-trommeln\/#primaryimage\"},\"image\":{\"@id\":\"https:\/\/www.trommel-workshops.de\/teamevents\/teamentwicklung-und-teambuilding-workshops-mit-djembe-trommeln\/#primaryimage\"},\"thumbnailUrl\":\"http:\/\/www.trommel-workshops.de\/teamevents\/wp-content\/uploads\/2016\/02\/button.png\",\"datePublished\":\"2016-02-03T16:14:35+00:00\",\"dateModified\":\"2017-02-10T10:38:05+00:00\",\"description\":\"Trommeln und Percussion sind effiziente Instrumente der Teamentwicklung. Gemeinsam zu trommeln f\u00f6rdert die Zusammenarbeit und st\u00e4rkt den Teamgeist.\",\"breadcrumb\":{\"@id\":\"https:\/\/www.trommel-workshops.de\/teamevents\/teamentwicklung-und-teambuilding-workshops-mit-djembe-trommeln\/#breadcrumb\"},\"inLanguage\":\"nl-NL\",\"potentialAction\":[{\"@type\":\"ReadAction\",\"target\":[\"https:\/\/www.trommel-workshops.de\/teamevents\/teamentwicklung-und-teambuilding-workshops-mit-djembe-trommeln\/\"]}]},{\"@type\":\"ImageObject\",\"inLanguage\":\"nl-NL\",\"@id\":\"https:\/\/www.trommel-workshops.de\/teamevents\/teamentwicklung-und-teambuilding-workshops-mit-djembe-trommeln\/#primaryimage\",\"url\":\"https:\/\/www.trommel-workshops.de\/teamevents\/wp-content\/uploads\/2016\/02\/button.png\",\"contentUrl\":\"https:\/\/www.trommel-workshops.de\/teamevents\/wp-content\/uploads\/2016\/02\/button.png\",\"width\":506,\"height\":46},{\"@type\":\"BreadcrumbList\",\"@id\":\"https:\/\/www.trommel-workshops.de\/teamevents\/teamentwicklung-und-teambuilding-workshops-mit-djembe-trommeln\/#breadcrumb\",\"itemListElement\":[{\"@type\":\"ListItem\",\"position\":1,\"name\":\"Home\",\"item\":\"https:\/\/www.trommel-workshops.de\/teamevents\/\"},{\"@type\":\"ListItem\",\"position\":2,\"name\":\"Teambuilding-Trommel-Workshops\"}]},{\"@type\":\"WebSite\",\"@id\":\"https:\/\/www.trommel-workshops.de\/teamevents\/#website\",\"url\":\"https:\/\/www.trommel-workshops.de\/teamevents\/\",\"name\":\"Trommel Workshops\",\"description\":\"Djembe-Trommeln, Bodypercussion, Dinnerworkshops und Teamtrommeln\",\"publisher\":{\"@id\":\"https:\/\/www.trommel-workshops.de\/teamevents\/#organization\"},\"potentialAction\":[{\"@type\":\"SearchAction\",\"target\":{\"@type\":\"EntryPoint\",\"urlTemplate\":\"https:\/\/www.trommel-workshops.de\/teamevents\/?s={search_term_string}\"},\"query-input\":{\"@type\":\"PropertyValueSpecification\",\"valueRequired\":true,\"valueName\":\"search_term_string\"}}],\"inLanguage\":\"nl-NL\"},{\"@type\":\"Organization\",\"@id\":\"https:\/\/www.trommel-workshops.de\/teamevents\/#organization\",\"name\":\"Anitya, training en advies VOF\",\"url\":\"https:\/\/www.trommel-workshops.de\/teamevents\/\",\"logo\":{\"@type\":\"ImageObject\",\"inLanguage\":\"nl-NL\",\"@id\":\"https:\/\/www.trommel-workshops.de\/teamevents\/#\/schema\/logo\/image\/\",\"url\":\"https:\/\/www.trommel-workshops.de\/teamevents\/wp-content\/uploads\/2016\/02\/Die-Trommelenden-Hollander_Tag_Logo.png\",\"contentUrl\":\"https:\/\/www.trommel-workshops.de\/teamevents\/wp-content\/uploads\/2016\/02\/Die-Trommelenden-Hollander_Tag_Logo.png\",\"width\":1512,\"height\":459,\"caption\":\"Anitya, training en advies VOF\"},\"image\":{\"@id\":\"https:\/\/www.trommel-workshops.de\/teamevents\/#\/schema\/logo\/image\/\"}}]}<\/script>\n<!-- \/ Yoast SEO plugin. -->","yoast_head_json":{"title":"Teamentwicklung-Workshops mit Djembe Trommeln und Dinnerpercussion","description":"Trommeln und Percussion sind effiziente Instrumente der Teamentwicklung. Gemeinsam zu trommeln f\u00f6rdert die Zusammenarbeit und st\u00e4rkt den Teamgeist.","robots":{"index":"index","follow":"follow","max-snippet":"max-snippet:-1","max-image-preview":"max-image-preview:large","max-video-preview":"max-video-preview:-1"},"canonical":"https:\/\/www.trommel-workshops.de\/teamevents\/teamentwicklung-und-teambuilding-workshops-mit-djembe-trommeln\/","og_locale":"nl_NL","og_type":"article","og_title":"Teamentwicklung-Workshops mit Djembe Trommeln und Dinnerpercussion","og_description":"Trommeln und Percussion sind effiziente Instrumente der Teamentwicklung. Gemeinsam zu trommeln f\u00f6rdert die Zusammenarbeit und st\u00e4rkt den Teamgeist.","og_url":"https:\/\/www.trommel-workshops.de\/teamevents\/teamentwicklung-und-teambuilding-workshops-mit-djembe-trommeln\/","og_site_name":"Trommel Workshops","article_modified_time":"2017-02-10T10:38:05+00:00","og_image":[{"url":"http:\/\/www.trommel-workshops.de\/teamevents\/wp-content\/uploads\/2016\/02\/button.png","type":"","width":"","height":""}],"twitter_card":"summary_large_image","twitter_misc":{"Geschatte leestijd":"1 minuut"},"schema":{"@context":"https:\/\/schema.org","@graph":[{"@type":"WebPage","@id":"https:\/\/www.trommel-workshops.de\/teamevents\/teamentwicklung-und-teambuilding-workshops-mit-djembe-trommeln\/","url":"https:\/\/www.trommel-workshops.de\/teamevents\/teamentwicklung-und-teambuilding-workshops-mit-djembe-trommeln\/","name":"Teamentwicklung-Workshops mit Djembe Trommeln und Dinnerpercussion","isPartOf":{"@id":"https:\/\/www.trommel-workshops.de\/teamevents\/#website"},"primaryImageOfPage":{"@id":"https:\/\/www.trommel-workshops.de\/teamevents\/teamentwicklung-und-teambuilding-workshops-mit-djembe-trommeln\/#primaryimage"},"image":{"@id":"https:\/\/www.trommel-workshops.de\/teamevents\/teamentwicklung-und-teambuilding-workshops-mit-djembe-trommeln\/#primaryimage"},"thumbnailUrl":"http:\/\/www.trommel-workshops.de\/teamevents\/wp-content\/uploads\/2016\/02\/button.png","datePublished":"2016-02-03T16:14:35+00:00","dateModified":"2017-02-10T10:38:05+00:00","description":"Trommeln und Percussion sind effiziente Instrumente der Teamentwicklung. Gemeinsam zu trommeln f\u00f6rdert die Zusammenarbeit und st\u00e4rkt den Teamgeist.","breadcrumb":{"@id":"https:\/\/www.trommel-workshops.de\/teamevents\/teamentwicklung-und-teambuilding-workshops-mit-djembe-trommeln\/#breadcrumb"},"inLanguage":"nl-NL","potentialAction":[{"@type":"ReadAction","target":["https:\/\/www.trommel-workshops.de\/teamevents\/teamentwicklung-und-teambuilding-workshops-mit-djembe-trommeln\/"]}]},{"@type":"ImageObject","inLanguage":"nl-NL","@id":"https:\/\/www.trommel-workshops.de\/teamevents\/teamentwicklung-und-teambuilding-workshops-mit-djembe-trommeln\/#primaryimage","url":"https:\/\/www.trommel-workshops.de\/teamevents\/wp-content\/uploads\/2016\/02\/button.png","contentUrl":"https:\/\/www.trommel-workshops.de\/teamevents\/wp-content\/uploads\/2016\/02\/button.png","width":506,"height":46},{"@type":"BreadcrumbList","@id":"https:\/\/www.trommel-workshops.de\/teamevents\/teamentwicklung-und-teambuilding-workshops-mit-djembe-trommeln\/#breadcrumb","itemListElement":[{"@type":"ListItem","position":1,"name":"Home","item":"https:\/\/www.trommel-workshops.de\/teamevents\/"},{"@type":"ListItem","position":2,"name":"Teambuilding-Trommel-Workshops"}]},{"@type":"WebSite","@id":"https:\/\/www.trommel-workshops.de\/teamevents\/#website","url":"https:\/\/www.trommel-workshops.de\/teamevents\/","name":"Trommel Workshops","description":"Djembe-Trommeln, Bodypercussion, Dinnerworkshops und Teamtrommeln","publisher":{"@id":"https:\/\/www.trommel-workshops.de\/teamevents\/#organization"},"potentialAction":[{"@type":"SearchAction","target":{"@type":"EntryPoint","urlTemplate":"https:\/\/www.trommel-workshops.de\/teamevents\/?s={search_term_string}"},"query-input":{"@type":"PropertyValueSpecification","valueRequired":true,"valueName":"search_term_string"}}],"inLanguage":"nl-NL"},{"@type":"Organization","@id":"https:\/\/www.trommel-workshops.de\/teamevents\/#organization","name":"Anitya, training en advies VOF","url":"https:\/\/www.trommel-workshops.de\/teamevents\/","logo":{"@type":"ImageObject","inLanguage":"nl-NL","@id":"https:\/\/www.trommel-workshops.de\/teamevents\/#\/schema\/logo\/image\/","url":"https:\/\/www.trommel-workshops.de\/teamevents\/wp-content\/uploads\/2016\/02\/Die-Trommelenden-Hollander_Tag_Logo.png","contentUrl":"https:\/\/www.trommel-workshops.de\/teamevents\/wp-content\/uploads\/2016\/02\/Die-Trommelenden-Hollander_Tag_Logo.png","width":1512,"height":459,"caption":"Anitya, training en advies VOF"},"image":{"@id":"https:\/\/www.trommel-workshops.de\/teamevents\/#\/schema\/logo\/image\/"}}]}},"_links":{"self":[{"href":"https:\/\/www.trommel-workshops.de\/teamevents\/wp-json\/wp\/v2\/pages\/28","targetHints":{"allow":["GET"]}}],"collection":[{"href":"https:\/\/www.trommel-workshops.de\/teamevents\/wp-json\/wp\/v2\/pages"}],"about":[{"href":"https:\/\/www.trommel-workshops.de\/teamevents\/wp-json\/wp\/v2\/types\/page"}],"author":[{"embeddable":true,"href":"https:\/\/www.trommel-workshops.de\/teamevents\/wp-json\/wp\/v2\/users\/1"}],"replies":[{"embeddable":true,"href":"https:\/\/www.trommel-workshops.de\/teamevents\/wp-json\/wp\/v2\/comments?post=28"}],"version-history":[{"count":0,"href":"https:\/\/www.trommel-workshops.de\/teamevents\/wp-json\/wp\/v2\/pages\/28\/revisions"}],"wp:attachment":[{"href":"https:\/\/www.trommel-workshops.de\/teamevents\/wp-json\/wp\/v2\/media?parent=28"}],"curies":[{"name":"wp","href":"https:\/\/api.w.org\/{rel}","templated":true}]}}