{"id":26,"date":"2016-02-03T17:13:09","date_gmt":"2016-02-03T16:13:09","guid":{"rendered":"http:\/\/www.trommel-workshops.de\/teamevents\/?page_id=26"},"modified":"2017-02-15T13:24:58","modified_gmt":"2017-02-15T12:24:58","slug":"angebot-workshops-trommeln-bodypercussion-dinnerworkshops","status":"publish","type":"page","link":"https:\/\/www.trommel-workshops.de\/teamevents\/angebot-workshops-trommeln-bodypercussion-dinnerworkshops\/","title":{"rendered":"Angebot Workshops Trommeln, Bodypercussion, Teambuilding, Dinnerworkshops und afrikanisch tanzen"},"content":{"rendered":"<h1>Angebot Interaktive Trommelevents,<\/h1>\n<h1>als Rahmenprogramm\u00a0oder\u00a0Teamworkshop.<\/h1>\n<h1>DjembeTrommeln, Bodypercussion,<\/h1>\n<h1>Afrikanisch\u00a0Tanzen oder\u00a0Dinnerpercussion<\/h1>\n<p>&nbsp;<\/p>\n<div class='content-column one_half'><div id=\"attachment_147\" style=\"width: 851px\" class=\"wp-caption alignnone\"><a href=\"http:\/\/www.trommel-workshops.de\/teamevents\/djembe-trommeln\/\"><img loading=\"lazy\" decoding=\"async\" aria-describedby=\"caption-attachment-147\" class=\"wp-image-147 size-full\" src=\"http:\/\/www.trommel-workshops.de\/teamevents\/wp-content\/uploads\/2016\/02\/slidersmall18.jpg\" alt=\"slidersmall18\" width=\"841\" height=\"275\" srcset=\"https:\/\/www.trommel-workshops.de\/teamevents\/wp-content\/uploads\/2016\/02\/slidersmall18.jpg 841w, https:\/\/www.trommel-workshops.de\/teamevents\/wp-content\/uploads\/2016\/02\/slidersmall18-300x98.jpg 300w, https:\/\/www.trommel-workshops.de\/teamevents\/wp-content\/uploads\/2016\/02\/slidersmall18-768x251.jpg 768w\" sizes=\"auto, (max-width: 841px) 100vw, 841px\" \/><\/a><p id=\"caption-attachment-147\" class=\"wp-caption-text\"><a href=\"http:\/\/www.trommel-workshops.de\/teamevents\/djembe-trommeln-mit-trommel-workshops-de\/\">DJEMBE-TROMMELWORKSHOPS<\/a><\/p><\/div>\n<p>&nbsp;<\/p>\n<p><a href=\"http:\/\/www.trommel-workshops.de\/teamevents\/anfrage-workshops-trommeln-dinnerworkshops-bypercussion-afrikanisch-tanzen\/\" rel=\"attachment wp-att-66\"><img loading=\"lazy\" decoding=\"async\" class=\"alignnone wp-image-66 size-full\" src=\"http:\/\/www.trommel-workshops.de\/teamevents\/wp-content\/uploads\/2016\/02\/button.png\" alt=\"Angebot f\u00fcr Trommelworkshop anfregen\" width=\"506\" height=\"46\" srcset=\"https:\/\/www.trommel-workshops.de\/teamevents\/wp-content\/uploads\/2016\/02\/button.png 506w, https:\/\/www.trommel-workshops.de\/teamevents\/wp-content\/uploads\/2016\/02\/button-300x27.png 300w\" sizes=\"auto, (max-width: 506px) 100vw, 506px\" \/><\/a><\/p>\n<p>&nbsp;<\/p><\/div><div class='content-column one_fourth'><div style=\"padding-right:10px;padding-bottom:0px;padding-left:0px;\"><div id=\"attachment_652\" style=\"width: 233px\" class=\"wp-caption alignnone\"><a href=\"http:\/\/www.trommel-workshops.de\/teamevents\/teambuilding-workshops\/\"><img loading=\"lazy\" decoding=\"async\" aria-describedby=\"caption-attachment-652\" class=\"wp-image-652 size-full\" src=\"http:\/\/www.nederlandtrommelt.nl\/wp-content\/uploads\/2015\/09\/teamtrommelen-staand.jpg\" alt=\"Teambuilding und Teamtrainings mit Trommeln\" width=\"223\" height=\"275\" \/><\/a><p id=\"caption-attachment-652\" class=\"wp-caption-text\"><a href=\"http:\/\/www.trommel-workshops.de\/teamevents\/teamentwicklung-und-teambuilding-workshops-mit-djembe-trommeln\/\">TEAMTRAINING oder TEAMBUILDING mit TROMMELN<\/a><\/p><\/div><\/div><\/div><div class='content-column one_fourth last_column'><div style=\"padding-right:0px;padding-bottom:0px;padding-left:0px;\"><div id=\"attachment_670\" style=\"width: 233px\" class=\"wp-caption alignnone\"><a href=\"http:\/\/www.trommel-workshops.de\/teamevents\/bodypercussion-workshop\/\"><img loading=\"lazy\" decoding=\"async\" aria-describedby=\"caption-attachment-670\" class=\"wp-image-670 size-full\" src=\"http:\/\/www.nederlandtrommelt.nl\/wp-content\/uploads\/2015\/09\/bodypercussie3-staandklein1.jpg\" alt=\"Bodypercussion\" width=\"223\" height=\"275\" \/><\/a><p id=\"caption-attachment-670\" class=\"wp-caption-text\"><a href=\"http:\/\/www.trommel-workshops.de\/teamevents\/bodypercussion-workshop\/\">BODYPERCUSSION f\u00fcr Teams und Gruppen<\/a><\/p><\/div><\/div><\/div><div class='clear_column'><\/div><\/p>\n<div class='content-column one_third'><div style=\"padding-right:0px;padding-bottom:0px;padding-left:0px;\"><div id=\"attachment_681\" style=\"width: 502px\" class=\"wp-caption alignnone\"><a href=\"http:\/\/www.trommel-workshops.de\/teamevents\/afrikanisch-tanzen\/\"><img loading=\"lazy\" decoding=\"async\" aria-describedby=\"caption-attachment-681\" class=\"wp-image-681 size-full\" src=\"http:\/\/www.nederlandtrommelt.nl\/wp-content\/uploads\/2015\/09\/afrodans-liggend2.jpg\" alt=\"afrikanische Tanzworkshop\" width=\"492\" height=\"322\" \/><\/a><p id=\"caption-attachment-681\" class=\"wp-caption-text\"><a href=\"http:\/\/www.trommel-workshops.de\/teamevents\/afrikanisch-tanzen\/\">WORKSHOP AFRIKANISCH TANZEN<\/a><\/p><\/div><\/div><\/div><div class='content-column two_third last_column'><div style=\"padding-right:0px;padding-bottom:0px;padding-left:10px;\"><div id=\"attachment_673\" style=\"width: 1411px\" class=\"wp-caption alignnone\"><a href=\"http:\/\/www.trommel-workshops.de\/teamevents\/dinnerworkshop-trommeln\/\"><img loading=\"lazy\" decoding=\"async\" aria-describedby=\"caption-attachment-673\" class=\"wp-image-673 size-full\" src=\"http:\/\/www.nederlandtrommelt.nl\/wp-content\/uploads\/2015\/09\/slidesmalldiner.jpg\" alt=\"Dinnerworkshop mit Trommeln\" width=\"1401\" height=\"458\" \/><\/a><p id=\"caption-attachment-673\" class=\"wp-caption-text\"><a href=\"http:\/\/www.trommel-workshops.de\/teamevents\/dinnerworkshop-trommeln\/\">DINNERWORKSHOP MIT TROMMELN<\/a><\/p><\/div><\/div><\/div><div class='clear_column'><\/div><\/p>\n<h2>Unsere Workshops wurden bereits im Rahmen folgender Veranstaltungen gebucht:<\/h2>\n<p>Angebot f\u00fcr Betriebsausfl\u00fcge, Teamentwicklung, Abschlussfeiern von Fort- oder Ausbildung, Seminare, Gesch\u00e4ftsreisen, Betriebsfeiern, Projekt-Meetings, Neujahrsempf\u00e4ngen, Fusionen, Reorganisationen, Affiliate-Programmen, Werbekampagnen, CD-Aufnahmen, Motivationsseminaren \u2013 und auch bei Familienfeiern, Festen unter Freunden, als Wochenendaktivit\u00e4t, bei Ausfl\u00fcgen, Geburtstagen und Hochzeiten.<\/p>\n<p>&nbsp;<\/p>\n<h2>Auftraggeber waren Hunderte von Organisationen und Gruppen:<\/h2>\n<p>Letzen Jahren haben wir in Deutschland f\u00fcr viele Unternehmen und Organizationen ua Deutsche Bahn, Ikea, Vodafone, Heineken, Fuji Film, Philips, IBM, ING, New Energy\u00a0Services, Logica, Axa, OptaData GmbH, Henkel, Achmea, Thomas Cook, ING-Bank, Rabo-Bank, Uka-Nord und viele kleine Unternehmen und private Gruppen Workshops versorgt.<\/p>\n<p>&nbsp;<\/p>\n<div id=\"mc_embed_signup\">\n<form id=\"mc-embedded-subscribe-form\" class=\"validate\" action=\"\/\/nederlandtrommelt.us2.list-manage.com\/subscribe\/post?u=2082c24c4770c713dd40a7c0e&amp;id=6e077e4876\" method=\"post\" name=\"mc-embedded-subscribe-form\" novalidate=\"\" target=\"_blank\"><\/form>\n<\/div>\n","protected":false},"excerpt":{"rendered":"<p>Angebot Interaktive Trommelevents, als Rahmenprogramm\u00a0oder\u00a0Teamworkshop. DjembeTrommeln, Bodypercussion, Afrikanisch\u00a0Tanzen oder\u00a0Dinnerpercussion &nbsp; Unsere Workshops wurden bereits im Rahmen folgender Veranstaltungen gebucht: Angebot f\u00fcr Betriebsausfl\u00fcge, Teamentwicklung, Abschlussfeiern von Fort- oder Ausbildung, Seminare, Gesch\u00e4ftsreisen,&#8230; <\/p>\n","protected":false},"author":1,"featured_media":0,"parent":0,"menu_order":0,"comment_status":"closed","ping_status":"closed","template":"page-full.php","meta":{"footnotes":""},"class_list":["post-26","page","type-page","status-publish","hentry"],"yoast_head":"<!-- This site is optimized with the Yoast SEO plugin v27.1.1 - https:\/\/yoast.com\/product\/yoast-seo-wordpress\/ -->\n<title>Angebot Trommelworkshops, Teamevents, Bodypercussion<\/title>\n<meta name=\"description\" content=\"Unserem Angebot von Trommelworkshops mit Djembe-Trommeln, Dinnerworkshops, Bodypercussion, Teamevents und Betriebsausfl\u00fcge mit Djembe-Trommeln\" \/>\n<meta name=\"robots\" content=\"index, follow, max-snippet:-1, max-image-preview:large, max-video-preview:-1\" \/>\n<link rel=\"canonical\" href=\"https:\/\/www.trommel-workshops.de\/teamevents\/angebot-workshops-trommeln-bodypercussion-dinnerworkshops\/\" \/>\n<meta property=\"og:locale\" content=\"nl_NL\" \/>\n<meta property=\"og:type\" content=\"article\" \/>\n<meta property=\"og:title\" content=\"Angebot Trommelworkshops, Teamevents, Bodypercussion\" \/>\n<meta property=\"og:description\" content=\"Unserem Angebot von Trommelworkshops mit Djembe-Trommeln, Dinnerworkshops, Bodypercussion, Teamevents und Betriebsausfl\u00fcge mit Djembe-Trommeln\" \/>\n<meta property=\"og:url\" content=\"https:\/\/www.trommel-workshops.de\/teamevents\/angebot-workshops-trommeln-bodypercussion-dinnerworkshops\/\" \/>\n<meta property=\"og:site_name\" content=\"Trommel Workshops\" \/>\n<meta property=\"article:modified_time\" content=\"2017-02-15T12:24:58+00:00\" \/>\n<meta property=\"og:image\" content=\"http:\/\/www.trommel-workshops.de\/teamevents\/wp-content\/uploads\/2016\/02\/slidersmall18.jpg\" \/>\n<meta name=\"twitter:card\" content=\"summary_large_image\" \/>\n<meta name=\"twitter:label1\" content=\"Geschatte leestijd\" \/>\n\t<meta name=\"twitter:data1\" content=\"1 minuut\" \/>\n<script type=\"application\/ld+json\" class=\"yoast-schema-graph\">{\"@context\":\"https:\/\/schema.org\",\"@graph\":[{\"@type\":\"WebPage\",\"@id\":\"https:\/\/www.trommel-workshops.de\/teamevents\/angebot-workshops-trommeln-bodypercussion-dinnerworkshops\/\",\"url\":\"https:\/\/www.trommel-workshops.de\/teamevents\/angebot-workshops-trommeln-bodypercussion-dinnerworkshops\/\",\"name\":\"Angebot Trommelworkshops, Teamevents, Bodypercussion\",\"isPartOf\":{\"@id\":\"https:\/\/www.trommel-workshops.de\/teamevents\/#website\"},\"primaryImageOfPage\":{\"@id\":\"https:\/\/www.trommel-workshops.de\/teamevents\/angebot-workshops-trommeln-bodypercussion-dinnerworkshops\/#primaryimage\"},\"image\":{\"@id\":\"https:\/\/www.trommel-workshops.de\/teamevents\/angebot-workshops-trommeln-bodypercussion-dinnerworkshops\/#primaryimage\"},\"thumbnailUrl\":\"http:\/\/www.trommel-workshops.de\/teamevents\/wp-content\/uploads\/2016\/02\/slidersmall18.jpg\",\"datePublished\":\"2016-02-03T16:13:09+00:00\",\"dateModified\":\"2017-02-15T12:24:58+00:00\",\"description\":\"Unserem Angebot von Trommelworkshops mit Djembe-Trommeln, Dinnerworkshops, Bodypercussion, Teamevents und Betriebsausfl\u00fcge mit Djembe-Trommeln\",\"breadcrumb\":{\"@id\":\"https:\/\/www.trommel-workshops.de\/teamevents\/angebot-workshops-trommeln-bodypercussion-dinnerworkshops\/#breadcrumb\"},\"inLanguage\":\"nl-NL\",\"potentialAction\":[{\"@type\":\"ReadAction\",\"target\":[\"https:\/\/www.trommel-workshops.de\/teamevents\/angebot-workshops-trommeln-bodypercussion-dinnerworkshops\/\"]}]},{\"@type\":\"ImageObject\",\"inLanguage\":\"nl-NL\",\"@id\":\"https:\/\/www.trommel-workshops.de\/teamevents\/angebot-workshops-trommeln-bodypercussion-dinnerworkshops\/#primaryimage\",\"url\":\"https:\/\/www.trommel-workshops.de\/teamevents\/wp-content\/uploads\/2016\/02\/slidersmall18.jpg\",\"contentUrl\":\"https:\/\/www.trommel-workshops.de\/teamevents\/wp-content\/uploads\/2016\/02\/slidersmall18.jpg\",\"width\":841,\"height\":275},{\"@type\":\"BreadcrumbList\",\"@id\":\"https:\/\/www.trommel-workshops.de\/teamevents\/angebot-workshops-trommeln-bodypercussion-dinnerworkshops\/#breadcrumb\",\"itemListElement\":[{\"@type\":\"ListItem\",\"position\":1,\"name\":\"Home\",\"item\":\"https:\/\/www.trommel-workshops.de\/teamevents\/\"},{\"@type\":\"ListItem\",\"position\":2,\"name\":\"Angebot Workshops Trommeln, Bodypercussion, Teambuilding, Dinnerworkshops und afrikanisch tanzen\"}]},{\"@type\":\"WebSite\",\"@id\":\"https:\/\/www.trommel-workshops.de\/teamevents\/#website\",\"url\":\"https:\/\/www.trommel-workshops.de\/teamevents\/\",\"name\":\"Trommel Workshops\",\"description\":\"Djembe-Trommeln, Bodypercussion, Dinnerworkshops und Teamtrommeln\",\"publisher\":{\"@id\":\"https:\/\/www.trommel-workshops.de\/teamevents\/#organization\"},\"potentialAction\":[{\"@type\":\"SearchAction\",\"target\":{\"@type\":\"EntryPoint\",\"urlTemplate\":\"https:\/\/www.trommel-workshops.de\/teamevents\/?s={search_term_string}\"},\"query-input\":{\"@type\":\"PropertyValueSpecification\",\"valueRequired\":true,\"valueName\":\"search_term_string\"}}],\"inLanguage\":\"nl-NL\"},{\"@type\":\"Organization\",\"@id\":\"https:\/\/www.trommel-workshops.de\/teamevents\/#organization\",\"name\":\"Anitya, training en advies VOF\",\"url\":\"https:\/\/www.trommel-workshops.de\/teamevents\/\",\"logo\":{\"@type\":\"ImageObject\",\"inLanguage\":\"nl-NL\",\"@id\":\"https:\/\/www.trommel-workshops.de\/teamevents\/#\/schema\/logo\/image\/\",\"url\":\"https:\/\/www.trommel-workshops.de\/teamevents\/wp-content\/uploads\/2016\/02\/Die-Trommelenden-Hollander_Tag_Logo.png\",\"contentUrl\":\"https:\/\/www.trommel-workshops.de\/teamevents\/wp-content\/uploads\/2016\/02\/Die-Trommelenden-Hollander_Tag_Logo.png\",\"width\":1512,\"height\":459,\"caption\":\"Anitya, training en advies VOF\"},\"image\":{\"@id\":\"https:\/\/www.trommel-workshops.de\/teamevents\/#\/schema\/logo\/image\/\"}}]}<\/script>\n<!-- \/ Yoast SEO plugin. -->","yoast_head_json":{"title":"Angebot Trommelworkshops, Teamevents, Bodypercussion","description":"Unserem Angebot von Trommelworkshops mit Djembe-Trommeln, Dinnerworkshops, Bodypercussion, Teamevents und Betriebsausfl\u00fcge mit Djembe-Trommeln","robots":{"index":"index","follow":"follow","max-snippet":"max-snippet:-1","max-image-preview":"max-image-preview:large","max-video-preview":"max-video-preview:-1"},"canonical":"https:\/\/www.trommel-workshops.de\/teamevents\/angebot-workshops-trommeln-bodypercussion-dinnerworkshops\/","og_locale":"nl_NL","og_type":"article","og_title":"Angebot Trommelworkshops, Teamevents, Bodypercussion","og_description":"Unserem Angebot von Trommelworkshops mit Djembe-Trommeln, Dinnerworkshops, Bodypercussion, Teamevents und Betriebsausfl\u00fcge mit Djembe-Trommeln","og_url":"https:\/\/www.trommel-workshops.de\/teamevents\/angebot-workshops-trommeln-bodypercussion-dinnerworkshops\/","og_site_name":"Trommel Workshops","article_modified_time":"2017-02-15T12:24:58+00:00","og_image":[{"url":"http:\/\/www.trommel-workshops.de\/teamevents\/wp-content\/uploads\/2016\/02\/slidersmall18.jpg","type":"","width":"","height":""}],"twitter_card":"summary_large_image","twitter_misc":{"Geschatte leestijd":"1 minuut"},"schema":{"@context":"https:\/\/schema.org","@graph":[{"@type":"WebPage","@id":"https:\/\/www.trommel-workshops.de\/teamevents\/angebot-workshops-trommeln-bodypercussion-dinnerworkshops\/","url":"https:\/\/www.trommel-workshops.de\/teamevents\/angebot-workshops-trommeln-bodypercussion-dinnerworkshops\/","name":"Angebot Trommelworkshops, Teamevents, Bodypercussion","isPartOf":{"@id":"https:\/\/www.trommel-workshops.de\/teamevents\/#website"},"primaryImageOfPage":{"@id":"https:\/\/www.trommel-workshops.de\/teamevents\/angebot-workshops-trommeln-bodypercussion-dinnerworkshops\/#primaryimage"},"image":{"@id":"https:\/\/www.trommel-workshops.de\/teamevents\/angebot-workshops-trommeln-bodypercussion-dinnerworkshops\/#primaryimage"},"thumbnailUrl":"http:\/\/www.trommel-workshops.de\/teamevents\/wp-content\/uploads\/2016\/02\/slidersmall18.jpg","datePublished":"2016-02-03T16:13:09+00:00","dateModified":"2017-02-15T12:24:58+00:00","description":"Unserem Angebot von Trommelworkshops mit Djembe-Trommeln, Dinnerworkshops, Bodypercussion, Teamevents und Betriebsausfl\u00fcge mit Djembe-Trommeln","breadcrumb":{"@id":"https:\/\/www.trommel-workshops.de\/teamevents\/angebot-workshops-trommeln-bodypercussion-dinnerworkshops\/#breadcrumb"},"inLanguage":"nl-NL","potentialAction":[{"@type":"ReadAction","target":["https:\/\/www.trommel-workshops.de\/teamevents\/angebot-workshops-trommeln-bodypercussion-dinnerworkshops\/"]}]},{"@type":"ImageObject","inLanguage":"nl-NL","@id":"https:\/\/www.trommel-workshops.de\/teamevents\/angebot-workshops-trommeln-bodypercussion-dinnerworkshops\/#primaryimage","url":"https:\/\/www.trommel-workshops.de\/teamevents\/wp-content\/uploads\/2016\/02\/slidersmall18.jpg","contentUrl":"https:\/\/www.trommel-workshops.de\/teamevents\/wp-content\/uploads\/2016\/02\/slidersmall18.jpg","width":841,"height":275},{"@type":"BreadcrumbList","@id":"https:\/\/www.trommel-workshops.de\/teamevents\/angebot-workshops-trommeln-bodypercussion-dinnerworkshops\/#breadcrumb","itemListElement":[{"@type":"ListItem","position":1,"name":"Home","item":"https:\/\/www.trommel-workshops.de\/teamevents\/"},{"@type":"ListItem","position":2,"name":"Angebot Workshops Trommeln, Bodypercussion, Teambuilding, Dinnerworkshops und afrikanisch tanzen"}]},{"@type":"WebSite","@id":"https:\/\/www.trommel-workshops.de\/teamevents\/#website","url":"https:\/\/www.trommel-workshops.de\/teamevents\/","name":"Trommel Workshops","description":"Djembe-Trommeln, Bodypercussion, Dinnerworkshops und Teamtrommeln","publisher":{"@id":"https:\/\/www.trommel-workshops.de\/teamevents\/#organization"},"potentialAction":[{"@type":"SearchAction","target":{"@type":"EntryPoint","urlTemplate":"https:\/\/www.trommel-workshops.de\/teamevents\/?s={search_term_string}"},"query-input":{"@type":"PropertyValueSpecification","valueRequired":true,"valueName":"search_term_string"}}],"inLanguage":"nl-NL"},{"@type":"Organization","@id":"https:\/\/www.trommel-workshops.de\/teamevents\/#organization","name":"Anitya, training en advies VOF","url":"https:\/\/www.trommel-workshops.de\/teamevents\/","logo":{"@type":"ImageObject","inLanguage":"nl-NL","@id":"https:\/\/www.trommel-workshops.de\/teamevents\/#\/schema\/logo\/image\/","url":"https:\/\/www.trommel-workshops.de\/teamevents\/wp-content\/uploads\/2016\/02\/Die-Trommelenden-Hollander_Tag_Logo.png","contentUrl":"https:\/\/www.trommel-workshops.de\/teamevents\/wp-content\/uploads\/2016\/02\/Die-Trommelenden-Hollander_Tag_Logo.png","width":1512,"height":459,"caption":"Anitya, training en advies VOF"},"image":{"@id":"https:\/\/www.trommel-workshops.de\/teamevents\/#\/schema\/logo\/image\/"}}]}},"_links":{"self":[{"href":"https:\/\/www.trommel-workshops.de\/teamevents\/wp-json\/wp\/v2\/pages\/26","targetHints":{"allow":["GET"]}}],"collection":[{"href":"https:\/\/www.trommel-workshops.de\/teamevents\/wp-json\/wp\/v2\/pages"}],"about":[{"href":"https:\/\/www.trommel-workshops.de\/teamevents\/wp-json\/wp\/v2\/types\/page"}],"author":[{"embeddable":true,"href":"https:\/\/www.trommel-workshops.de\/teamevents\/wp-json\/wp\/v2\/users\/1"}],"replies":[{"embeddable":true,"href":"https:\/\/www.trommel-workshops.de\/teamevents\/wp-json\/wp\/v2\/comments?post=26"}],"version-history":[{"count":0,"href":"https:\/\/www.trommel-workshops.de\/teamevents\/wp-json\/wp\/v2\/pages\/26\/revisions"}],"wp:attachment":[{"href":"https:\/\/www.trommel-workshops.de\/teamevents\/wp-json\/wp\/v2\/media?parent=26"}],"curies":[{"name":"wp","href":"https:\/\/api.w.org\/{rel}","templated":true}]}}