{"id":19,"date":"2016-02-03T17:06:21","date_gmt":"2016-02-03T16:06:21","guid":{"rendered":"http:\/\/www.trommel-workshops.de\/teamevents\/?page_id=19"},"modified":"2017-02-10T11:34:27","modified_gmt":"2017-02-10T10:34:27","slug":"trommelworkshops-energiegeladener-events-fur-gruppen-und-teams","status":"publish","type":"page","link":"https:\/\/www.trommel-workshops.de\/teamevents\/","title":{"rendered":"Trommelworkshops und Djembe-Trommeln"},"content":{"rendered":"<h1>Verbindung erzeugen durch Rhythmus<\/h1>\n<h2>Energiegeladener Trommelworkshops f\u00fcr Gruppen<\/h2>\n<p>Unsere Trommelworkshops mit Djembe-Trommeln bringen allen Beteiligten viel Spa\u00df. Sie sind f\u00fcr Betriebsausfl\u00fcge geeignet oder k\u00f6nnen Bestandteil einer Feier Ihre Gruppe sein. Seit 1999 haben wir Erfahrung und bieten Ihnen somit ein bew\u00e4hrtes und effizientes Konzept f\u00fcr Teams oder Privatgruppen an.<\/p>\n<p>&nbsp;<\/p>\n<h2>Teamevent \/ Betriebsausflug mit Trommelworkshop<\/h2>\n<p>Trommeln auf der Djembe und das Spiel mit Percussion sind effiziente Instrumente der <a href=\"http:\/\/www.trommel-workshops.de\/teamevents\/teamentwicklung-und-teambuilding-workshops-mit-djembe-trommeln\/\">Teamentwicklung<\/a>. Gemeinsam zu trommeln f\u00f6rdert die Zusammenarbeit und st\u00e4rkt den Teamgeist. Ein <a href=\"http:\/\/www.trommel-workshops.de\/teamevents\/djembe-trommeln\/\">Djembe-Trommelworkshop <\/a>ist ein unvergessliches Erlebnis!<\/p>\n<p>&nbsp;<\/p>\n<p><a href=\"http:\/\/www.trommel-workshops.de\/teamevents\/anfrage-workshops-trommeln-dinnerworkshops-bypercussion-afrikanisch-tanzen\/\" rel=\"attachment wp-att-66\"><img loading=\"lazy\" decoding=\"async\" class=\"alignnone wp-image-66 size-full\" src=\"http:\/\/www.trommel-workshops.de\/teamevents\/wp-content\/uploads\/2016\/02\/button.png\" alt=\"Angebot f\u00fcr Trommelworkshop anfragen\" width=\"506\" height=\"46\" srcset=\"https:\/\/www.trommel-workshops.de\/teamevents\/wp-content\/uploads\/2016\/02\/button.png 506w, https:\/\/www.trommel-workshops.de\/teamevents\/wp-content\/uploads\/2016\/02\/button-300x27.png 300w\" sizes=\"auto, (max-width: 506px) 100vw, 506px\" \/><\/a><\/p>\n<p>&nbsp;<\/p>\n<h2>Erlebnisreicher Abend mit afrikanischer Percussion<\/h2>\n<p>Wir bieten einen <a href=\"http:\/\/www.trommel-workshops.de\/teamevents\/dinnerworkshop-trommeln\/\">Dinner-Trommelworkshop <\/a>im Rahmen Ihres Men\u00fcs an. Zwischen den G\u00e4ngen bauen wir kleine Workshopeinheiten ein. Wir beginnen susammen mit Ihre Gruppe mit einfachen Arrangements, bauen darauf schrittweise auf und enden mit einem spektakul\u00e4ren musikalischen Finale.<\/p>\n<p>&nbsp;<\/p>\n<h2>Workshops vor Ort und ohne Aufwand f\u00fcr Sie<\/h2>\n<p>Wir sorgen f\u00fcr die Vorbereitungen, d.h. wir bringen die Percussionsinstrumente mit und k\u00fcmmern uns um das Aufstellen sowie das Abr\u00e4umen. Grunds\u00e4tzlich brauchen Sie keine Trommeln zu organisieren oder zu transportieren, das spart Ihnen viel Aufwand.<\/p>\n<p>&nbsp;<\/p>\n<h2>Percussion Trommelworkshops f\u00fcr bis zu 300 Personen<\/h2>\n<p>Die Teilnehmerzahl unserer Workshops variiert von 10 bis 300 Personen. Die Anzahl der Workshop-Leiter passen wir entsprechend an. Gr\u00f6\u00dfere Gruppen auf Anfrage. Wir arbeiten vor Ort in ganz Deutschland.<\/p>\n<p>&nbsp;<\/p>\n","protected":false},"excerpt":{"rendered":"<p>Verbindung erzeugen durch Rhythmus Energiegeladener Trommelworkshops f\u00fcr Gruppen Unsere Trommelworkshops mit Djembe-Trommeln bringen allen Beteiligten viel Spa\u00df. Sie sind f\u00fcr Betriebsausfl\u00fcge geeignet oder k\u00f6nnen Bestandteil einer Feier Ihre Gruppe sein&#8230;. <\/p>\n","protected":false},"author":1,"featured_media":0,"parent":0,"menu_order":0,"comment_status":"closed","ping_status":"closed","template":"page-left.php","meta":{"footnotes":""},"class_list":["post-19","page","type-page","status-publish","hentry"],"yoast_head":"<!-- This site is optimized with the Yoast SEO plugin v27.1.1 - https:\/\/yoast.com\/product\/yoast-seo-wordpress\/ -->\n<title>Trommelworkshops; energiegeladener Events f\u00fcr Gruppen und Teams<\/title>\n<meta name=\"description\" content=\"Unsere Trommelworkshops mit Djembe-Trommeln bringen allen viel Spa\u00df. F\u00fcr Betriebsausfl\u00fcge, Teamentwicklung, teambuilding, Familienfest und Feier\" \/>\n<meta name=\"robots\" content=\"index, follow, max-snippet:-1, max-image-preview:large, max-video-preview:-1\" \/>\n<link rel=\"canonical\" href=\"https:\/\/www.trommel-workshops.de\/teamevents\/\" \/>\n<meta property=\"og:locale\" content=\"nl_NL\" \/>\n<meta property=\"og:type\" content=\"article\" \/>\n<meta property=\"og:title\" content=\"Trommelworkshops; energiegeladener Events f\u00fcr Gruppen und Teams\" \/>\n<meta property=\"og:description\" content=\"Unsere Trommelworkshops mit Djembe-Trommeln bringen allen viel Spa\u00df. F\u00fcr Betriebsausfl\u00fcge, Teamentwicklung, teambuilding, Familienfest und Feier\" \/>\n<meta property=\"og:url\" content=\"https:\/\/www.trommel-workshops.de\/teamevents\/\" \/>\n<meta property=\"og:site_name\" content=\"Trommel Workshops\" \/>\n<meta property=\"article:modified_time\" content=\"2017-02-10T10:34:27+00:00\" \/>\n<meta property=\"og:image\" content=\"http:\/\/www.trommel-workshops.de\/teamevents\/wp-content\/uploads\/2016\/02\/button.png\" \/>\n<meta name=\"twitter:card\" content=\"summary_large_image\" \/>\n<meta name=\"twitter:label1\" content=\"Geschatte leestijd\" \/>\n\t<meta name=\"twitter:data1\" content=\"1 minuut\" \/>\n<script type=\"application\/ld+json\" class=\"yoast-schema-graph\">{\"@context\":\"https:\/\/schema.org\",\"@graph\":[{\"@type\":\"WebPage\",\"@id\":\"https:\/\/www.trommel-workshops.de\/teamevents\/\",\"url\":\"https:\/\/www.trommel-workshops.de\/teamevents\/\",\"name\":\"Trommelworkshops; energiegeladener Events f\u00fcr Gruppen und Teams\",\"isPartOf\":{\"@id\":\"https:\/\/www.trommel-workshops.de\/teamevents\/#website\"},\"primaryImageOfPage\":{\"@id\":\"https:\/\/www.trommel-workshops.de\/teamevents\/#primaryimage\"},\"image\":{\"@id\":\"https:\/\/www.trommel-workshops.de\/teamevents\/#primaryimage\"},\"thumbnailUrl\":\"http:\/\/www.trommel-workshops.de\/teamevents\/wp-content\/uploads\/2016\/02\/button.png\",\"datePublished\":\"2016-02-03T16:06:21+00:00\",\"dateModified\":\"2017-02-10T10:34:27+00:00\",\"description\":\"Unsere Trommelworkshops mit Djembe-Trommeln bringen allen viel Spa\u00df. F\u00fcr Betriebsausfl\u00fcge, Teamentwicklung, teambuilding, Familienfest und Feier\",\"breadcrumb\":{\"@id\":\"https:\/\/www.trommel-workshops.de\/teamevents\/#breadcrumb\"},\"inLanguage\":\"nl-NL\",\"potentialAction\":[{\"@type\":\"ReadAction\",\"target\":[\"https:\/\/www.trommel-workshops.de\/teamevents\/\"]}]},{\"@type\":\"ImageObject\",\"inLanguage\":\"nl-NL\",\"@id\":\"https:\/\/www.trommel-workshops.de\/teamevents\/#primaryimage\",\"url\":\"https:\/\/www.trommel-workshops.de\/teamevents\/wp-content\/uploads\/2016\/02\/button.png\",\"contentUrl\":\"https:\/\/www.trommel-workshops.de\/teamevents\/wp-content\/uploads\/2016\/02\/button.png\",\"width\":506,\"height\":46},{\"@type\":\"BreadcrumbList\",\"@id\":\"https:\/\/www.trommel-workshops.de\/teamevents\/#breadcrumb\",\"itemListElement\":[{\"@type\":\"ListItem\",\"position\":1,\"name\":\"Home\",\"item\":\"https:\/\/www.trommel-workshops.de\/teamevents\/\"},{\"@type\":\"ListItem\",\"position\":2,\"name\":\"Trommelworkshops und Djembe-Trommeln\"}]},{\"@type\":\"WebSite\",\"@id\":\"https:\/\/www.trommel-workshops.de\/teamevents\/#website\",\"url\":\"https:\/\/www.trommel-workshops.de\/teamevents\/\",\"name\":\"Trommel Workshops\",\"description\":\"Djembe-Trommeln, Bodypercussion, Dinnerworkshops und Teamtrommeln\",\"publisher\":{\"@id\":\"https:\/\/www.trommel-workshops.de\/teamevents\/#organization\"},\"potentialAction\":[{\"@type\":\"SearchAction\",\"target\":{\"@type\":\"EntryPoint\",\"urlTemplate\":\"https:\/\/www.trommel-workshops.de\/teamevents\/?s={search_term_string}\"},\"query-input\":{\"@type\":\"PropertyValueSpecification\",\"valueRequired\":true,\"valueName\":\"search_term_string\"}}],\"inLanguage\":\"nl-NL\"},{\"@type\":\"Organization\",\"@id\":\"https:\/\/www.trommel-workshops.de\/teamevents\/#organization\",\"name\":\"Anitya, training en advies VOF\",\"url\":\"https:\/\/www.trommel-workshops.de\/teamevents\/\",\"logo\":{\"@type\":\"ImageObject\",\"inLanguage\":\"nl-NL\",\"@id\":\"https:\/\/www.trommel-workshops.de\/teamevents\/#\/schema\/logo\/image\/\",\"url\":\"https:\/\/www.trommel-workshops.de\/teamevents\/wp-content\/uploads\/2016\/02\/Die-Trommelenden-Hollander_Tag_Logo.png\",\"contentUrl\":\"https:\/\/www.trommel-workshops.de\/teamevents\/wp-content\/uploads\/2016\/02\/Die-Trommelenden-Hollander_Tag_Logo.png\",\"width\":1512,\"height\":459,\"caption\":\"Anitya, training en advies VOF\"},\"image\":{\"@id\":\"https:\/\/www.trommel-workshops.de\/teamevents\/#\/schema\/logo\/image\/\"}}]}<\/script>\n<!-- \/ Yoast SEO plugin. -->","yoast_head_json":{"title":"Trommelworkshops; energiegeladener Events f\u00fcr Gruppen und Teams","description":"Unsere Trommelworkshops mit Djembe-Trommeln bringen allen viel Spa\u00df. F\u00fcr Betriebsausfl\u00fcge, Teamentwicklung, teambuilding, Familienfest und Feier","robots":{"index":"index","follow":"follow","max-snippet":"max-snippet:-1","max-image-preview":"max-image-preview:large","max-video-preview":"max-video-preview:-1"},"canonical":"https:\/\/www.trommel-workshops.de\/teamevents\/","og_locale":"nl_NL","og_type":"article","og_title":"Trommelworkshops; energiegeladener Events f\u00fcr Gruppen und Teams","og_description":"Unsere Trommelworkshops mit Djembe-Trommeln bringen allen viel Spa\u00df. F\u00fcr Betriebsausfl\u00fcge, Teamentwicklung, teambuilding, Familienfest und Feier","og_url":"https:\/\/www.trommel-workshops.de\/teamevents\/","og_site_name":"Trommel Workshops","article_modified_time":"2017-02-10T10:34:27+00:00","og_image":[{"url":"http:\/\/www.trommel-workshops.de\/teamevents\/wp-content\/uploads\/2016\/02\/button.png","type":"","width":"","height":""}],"twitter_card":"summary_large_image","twitter_misc":{"Geschatte leestijd":"1 minuut"},"schema":{"@context":"https:\/\/schema.org","@graph":[{"@type":"WebPage","@id":"https:\/\/www.trommel-workshops.de\/teamevents\/","url":"https:\/\/www.trommel-workshops.de\/teamevents\/","name":"Trommelworkshops; energiegeladener Events f\u00fcr Gruppen und Teams","isPartOf":{"@id":"https:\/\/www.trommel-workshops.de\/teamevents\/#website"},"primaryImageOfPage":{"@id":"https:\/\/www.trommel-workshops.de\/teamevents\/#primaryimage"},"image":{"@id":"https:\/\/www.trommel-workshops.de\/teamevents\/#primaryimage"},"thumbnailUrl":"http:\/\/www.trommel-workshops.de\/teamevents\/wp-content\/uploads\/2016\/02\/button.png","datePublished":"2016-02-03T16:06:21+00:00","dateModified":"2017-02-10T10:34:27+00:00","description":"Unsere Trommelworkshops mit Djembe-Trommeln bringen allen viel Spa\u00df. F\u00fcr Betriebsausfl\u00fcge, Teamentwicklung, teambuilding, Familienfest und Feier","breadcrumb":{"@id":"https:\/\/www.trommel-workshops.de\/teamevents\/#breadcrumb"},"inLanguage":"nl-NL","potentialAction":[{"@type":"ReadAction","target":["https:\/\/www.trommel-workshops.de\/teamevents\/"]}]},{"@type":"ImageObject","inLanguage":"nl-NL","@id":"https:\/\/www.trommel-workshops.de\/teamevents\/#primaryimage","url":"https:\/\/www.trommel-workshops.de\/teamevents\/wp-content\/uploads\/2016\/02\/button.png","contentUrl":"https:\/\/www.trommel-workshops.de\/teamevents\/wp-content\/uploads\/2016\/02\/button.png","width":506,"height":46},{"@type":"BreadcrumbList","@id":"https:\/\/www.trommel-workshops.de\/teamevents\/#breadcrumb","itemListElement":[{"@type":"ListItem","position":1,"name":"Home","item":"https:\/\/www.trommel-workshops.de\/teamevents\/"},{"@type":"ListItem","position":2,"name":"Trommelworkshops und Djembe-Trommeln"}]},{"@type":"WebSite","@id":"https:\/\/www.trommel-workshops.de\/teamevents\/#website","url":"https:\/\/www.trommel-workshops.de\/teamevents\/","name":"Trommel Workshops","description":"Djembe-Trommeln, Bodypercussion, Dinnerworkshops und Teamtrommeln","publisher":{"@id":"https:\/\/www.trommel-workshops.de\/teamevents\/#organization"},"potentialAction":[{"@type":"SearchAction","target":{"@type":"EntryPoint","urlTemplate":"https:\/\/www.trommel-workshops.de\/teamevents\/?s={search_term_string}"},"query-input":{"@type":"PropertyValueSpecification","valueRequired":true,"valueName":"search_term_string"}}],"inLanguage":"nl-NL"},{"@type":"Organization","@id":"https:\/\/www.trommel-workshops.de\/teamevents\/#organization","name":"Anitya, training en advies VOF","url":"https:\/\/www.trommel-workshops.de\/teamevents\/","logo":{"@type":"ImageObject","inLanguage":"nl-NL","@id":"https:\/\/www.trommel-workshops.de\/teamevents\/#\/schema\/logo\/image\/","url":"https:\/\/www.trommel-workshops.de\/teamevents\/wp-content\/uploads\/2016\/02\/Die-Trommelenden-Hollander_Tag_Logo.png","contentUrl":"https:\/\/www.trommel-workshops.de\/teamevents\/wp-content\/uploads\/2016\/02\/Die-Trommelenden-Hollander_Tag_Logo.png","width":1512,"height":459,"caption":"Anitya, training en advies VOF"},"image":{"@id":"https:\/\/www.trommel-workshops.de\/teamevents\/#\/schema\/logo\/image\/"}}]}},"_links":{"self":[{"href":"https:\/\/www.trommel-workshops.de\/teamevents\/wp-json\/wp\/v2\/pages\/19","targetHints":{"allow":["GET"]}}],"collection":[{"href":"https:\/\/www.trommel-workshops.de\/teamevents\/wp-json\/wp\/v2\/pages"}],"about":[{"href":"https:\/\/www.trommel-workshops.de\/teamevents\/wp-json\/wp\/v2\/types\/page"}],"author":[{"embeddable":true,"href":"https:\/\/www.trommel-workshops.de\/teamevents\/wp-json\/wp\/v2\/users\/1"}],"replies":[{"embeddable":true,"href":"https:\/\/www.trommel-workshops.de\/teamevents\/wp-json\/wp\/v2\/comments?post=19"}],"version-history":[{"count":0,"href":"https:\/\/www.trommel-workshops.de\/teamevents\/wp-json\/wp\/v2\/pages\/19\/revisions"}],"wp:attachment":[{"href":"https:\/\/www.trommel-workshops.de\/teamevents\/wp-json\/wp\/v2\/media?parent=19"}],"curies":[{"name":"wp","href":"https:\/\/api.w.org\/{rel}","templated":true}]}}